{"id":2985,"date":"2026-04-27T11:36:56","date_gmt":"2026-04-27T09:36:56","guid":{"rendered":"https:\/\/chamboule-tout-parfum.com\/?post_type=product&#038;p=2985"},"modified":"2026-04-27T14:28:11","modified_gmt":"2026-04-27T12:28:11","slug":"gamins-des-sables-format-voyage","status":"publish","type":"product","link":"https:\/\/chamboule-tout-parfum.com\/en\/product\/gamins-des-sables-format-voyage\/","title":{"rendered":"Gamins des sables &#8211; Format voyage"},"content":{"rendered":"<p data-start=\"158\" data-end=\"330\">Retrouvez votre sillage solaire au parfum d\u2019aventure <strong data-start=\"219\" data-end=\"240\">Gamins des sables<\/strong> dans un format nomade,\u00a0parfait pour d\u00e9couvrir la fragrance ou l\u2019emporter partout avec vous.<\/p>\n<p data-start=\"266\" data-end=\"377\">Une eau de senteur naturelle et sans alcool, sp\u00e9cialement formul\u00e9e pour respecter la peau d\u00e9licate des enfants.<\/p>\n<p data-start=\"379\" data-end=\"411\">\ud83c\udf1e <strong data-start=\"382\" data-end=\"409\">Ce qui le rend unique :<\/strong><\/p>\n<ul data-start=\"412\" data-end=\"654\">\n<li data-section-id=\"h75lmh\" data-start=\"412\" data-end=\"496\">Une fra\u00eecheur agr\u00e9able d\u00e8s les premi\u00e8res notes : eau de coco et algues s\u00e9ch\u00e9es<\/li>\n<li data-section-id=\"x0axoy\" data-start=\"497\" data-end=\"582\">Un c\u0153ur doux et lumineux : fleurs blanches, fleur d\u2019amandier, feuilles de figuier<\/li>\n<li data-section-id=\"g8ntmy\" data-start=\"583\" data-end=\"654\">Un sillage chaud et r\u00e9confortant : sable chaud, vanille, musc blanc<\/li>\n<\/ul>\n<p data-start=\"656\" data-end=\"786\">Un parfum qui \u00e9voque instantan\u00e9ment les vacances : la peau sal\u00e9e, le sable sous les pieds, la chaleur du soleil en fin de journ\u00e9e.<\/p>\n<p data-start=\"1043\" data-end=\"1105\">Un essentiel du quotidien pour prolonger le plaisir de l\u2019\u00e9t\u00e9\u2026 toute l\u2019ann\u00e9e.<\/p>\n<p data-start=\"1800\" data-end=\"2006\">","protected":false},"excerpt":{"rendered":"<p>Sortie pr\u00e9vue \u00c9t\u00e9 2026 Eau de senteur pour enfants \u00a0Parfum sans alcool<\/p>","protected":false},"featured_media":2988,"comment_status":"open","ping_status":"closed","template":"","meta":{"_acf_changed":false,"om_disable_all_campaigns":false,"inline_featured_image":false,"_monsterinsights_skip_tracking":false,"_monsterinsights_sitenote_active":false,"_monsterinsights_sitenote_note":"","_monsterinsights_sitenote_category":0},"product_brand":[],"product_cat":[85],"product_tag":[],"class_list":{"0":"post-2985","1":"product","2":"type-product","3":"status-publish","4":"has-post-thumbnail","6":"product_cat-gamins-des-sables","8":"first","9":"instock","10":"taxable","11":"shipping-taxable","12":"product-type-simple","13":"thumb-no-effect","14":"prod-rating-on","15":"prod-has-rating"},"acf":[],"aioseo_notices":[],"_links":{"self":[{"href":"https:\/\/chamboule-tout-parfum.com\/en\/wp-json\/wp\/v2\/product\/2985","targetHints":{"allow":["GET"]}}],"collection":[{"href":"https:\/\/chamboule-tout-parfum.com\/en\/wp-json\/wp\/v2\/product"}],"about":[{"href":"https:\/\/chamboule-tout-parfum.com\/en\/wp-json\/wp\/v2\/types\/product"}],"replies":[{"embeddable":true,"href":"https:\/\/chamboule-tout-parfum.com\/en\/wp-json\/wp\/v2\/comments?post=2985"}],"wp:featuredmedia":[{"embeddable":true,"href":"https:\/\/chamboule-tout-parfum.com\/en\/wp-json\/wp\/v2\/media\/2988"}],"wp:attachment":[{"href":"https:\/\/chamboule-tout-parfum.com\/en\/wp-json\/wp\/v2\/media?parent=2985"}],"wp:term":[{"taxonomy":"product_brand","embeddable":true,"href":"https:\/\/chamboule-tout-parfum.com\/en\/wp-json\/wp\/v2\/product_brand?post=2985"},{"taxonomy":"product_cat","embeddable":true,"href":"https:\/\/chamboule-tout-parfum.com\/en\/wp-json\/wp\/v2\/product_cat?post=2985"},{"taxonomy":"product_tag","embeddable":true,"href":"https:\/\/chamboule-tout-parfum.com\/en\/wp-json\/wp\/v2\/product_tag?post=2985"}],"curies":[{"name":"wp","href":"https:\/\/api.w.org\/{rel}","templated":true}]}}