{"id":2905,"date":"2026-03-19T18:53:16","date_gmt":"2026-03-19T17:53:16","guid":{"rendered":"https:\/\/chamboule-tout-parfum.com\/?post_type=product&#038;p=2905"},"modified":"2026-05-16T08:17:35","modified_gmt":"2026-05-16T06:17:35","slug":"coffret-parfum-naturel-enfant","status":"publish","type":"product","link":"https:\/\/chamboule-tout-parfum.com\/en\/product\/coffret-parfum-naturel-enfant\/","title":{"rendered":"Coffret parfum Une grenadine pour deux"},"content":{"rendered":"<h3 style=\"text-align: left;\">Maman, enfant\u2026 partagez un parfum complice !<\/h3>\n<p><a href=\"https:\/\/chamboule-tout-parfum.com\/en\/product\/parfum-une-grenadine-pour-deux\/\">Une grenadine pour deux<\/a> a \u00e9t\u00e9 pens\u00e9e pour plaire autant aux mamans qu\u2019aux enfants. L\u00e9ger, gourmand et malicieux, il allie l\u2019exigence d\u2019un grand parfum \u00e0 une <strong>formulation naturelle et saine, sans alcool et hypoallerg\u00e9nique<\/strong>, parfaitement adapt\u00e9e aux peaux sensibles des enfants.<\/p>\n<p data-start=\"517\" data-end=\"540\"><img loading=\"lazy\" decoding=\"async\" class=\"an1\" draggable=\"false\" src=\"https:\/\/fonts.gstatic.com\/s\/e\/notoemoji\/17.0\/1f353\/72.png\" alt=\"\ud83c\udf53\" width=\"14\" height=\"14\" data-emoji=\"\ud83c\udf53\" aria-label=\"\ud83c\udf53\" \/>Le coffret comprend :<\/p>\n<ul>\n<li data-start=\"543\" data-end=\"599\"><a href=\"https:\/\/chamboule-tout-parfum.com\/en\/product\/parfum-une-grenadine-pour-deux\/\">Une grenadine pour deux 50 ml &#8211;<\/a> le\u00a0format iconique pour la maison<\/li>\n<li data-start=\"602\" data-end=\"660\"><a href=\"https:\/\/chamboule-tout-parfum.com\/en\/product\/une-grenadine-pour-deux-format-15-ml-2\/\">Une grenadine pour deux 15 ml<\/a>\u00a0\u2013 le format voyage, \u00e0 glisser partout<\/li>\n<\/ul>\n<p data-start=\"663\" data-end=\"737\">Coffret \u00e9l\u00e9gant pr\u00eat \u00e0 offrir livr\u00e9 avec papier de soie et ruban d\u00e9licat.<\/p>\n<p>Coffret parfum enfant naturel, parfait pour un anniversaire ou toute occasion sp\u00e9ciale. Offrez aux parents et enfants une fragrance gourmande \u00e0 partager <img loading=\"lazy\" decoding=\"async\" class=\"an1\" draggable=\"false\" src=\"https:\/\/fonts.gstatic.com\/s\/e\/notoemoji\/17.0\/1f308\/72.png\" alt=\"\ud83c\udf08\" width=\"16\" height=\"16\" data-emoji=\"\ud83c\udf08\" aria-label=\"\ud83c\udf08\" \/><\/p>","protected":false},"excerpt":{"rendered":"<p>Coffret Parfum enfant naturel et sans alcool<\/p>","protected":false},"featured_media":2992,"comment_status":"open","ping_status":"closed","template":"","meta":{"_acf_changed":false,"om_disable_all_campaigns":false,"inline_featured_image":false,"_monsterinsights_skip_tracking":false,"_monsterinsights_sitenote_active":false,"_monsterinsights_sitenote_note":"","_monsterinsights_sitenote_category":0},"product_brand":[],"product_cat":[77],"product_tag":[],"class_list":{"0":"post-2905","1":"product","2":"type-product","3":"status-publish","4":"has-post-thumbnail","6":"product_cat-une-grenadine-pour-deux","8":"first","9":"instock","10":"featured","11":"taxable","12":"shipping-taxable","13":"purchasable","14":"product-type-simple","15":"thumb-no-effect","16":"prod-rating-on","17":"prod-has-rating"},"acf":[],"aioseo_notices":[],"_links":{"self":[{"href":"https:\/\/chamboule-tout-parfum.com\/en\/wp-json\/wp\/v2\/product\/2905","targetHints":{"allow":["GET"]}}],"collection":[{"href":"https:\/\/chamboule-tout-parfum.com\/en\/wp-json\/wp\/v2\/product"}],"about":[{"href":"https:\/\/chamboule-tout-parfum.com\/en\/wp-json\/wp\/v2\/types\/product"}],"replies":[{"embeddable":true,"href":"https:\/\/chamboule-tout-parfum.com\/en\/wp-json\/wp\/v2\/comments?post=2905"}],"wp:featuredmedia":[{"embeddable":true,"href":"https:\/\/chamboule-tout-parfum.com\/en\/wp-json\/wp\/v2\/media\/2992"}],"wp:attachment":[{"href":"https:\/\/chamboule-tout-parfum.com\/en\/wp-json\/wp\/v2\/media?parent=2905"}],"wp:term":[{"taxonomy":"product_brand","embeddable":true,"href":"https:\/\/chamboule-tout-parfum.com\/en\/wp-json\/wp\/v2\/product_brand?post=2905"},{"taxonomy":"product_cat","embeddable":true,"href":"https:\/\/chamboule-tout-parfum.com\/en\/wp-json\/wp\/v2\/product_cat?post=2905"},{"taxonomy":"product_tag","embeddable":true,"href":"https:\/\/chamboule-tout-parfum.com\/en\/wp-json\/wp\/v2\/product_tag?post=2905"}],"curies":[{"name":"wp","href":"https:\/\/api.w.org\/{rel}","templated":true}]}}