{"id":2899,"date":"2026-03-19T14:56:36","date_gmt":"2026-03-19T13:56:36","guid":{"rendered":"https:\/\/chamboule-tout-parfum.com\/?post_type=product&#038;p=2899"},"modified":"2026-05-15T16:14:30","modified_gmt":"2026-05-15T14:14:30","slug":"coffret-parfum-naissance","status":"publish","type":"product","link":"https:\/\/chamboule-tout-parfum.com\/en\/product\/coffret-parfum-naissance\/","title":{"rendered":"Coffret parfum"},"content":{"rendered":"<p data-start=\"196\" data-end=\"264\"><strong>Un cadeau de naissance d\u00e9licat pour c\u00e9l\u00e9brer les premiers instants<\/strong><\/p>\n<p data-start=\"266\" data-end=\"532\">Offrez un moment de douceur et de complicit\u00e9 avec le coffret Premier Sourire sp\u00e9cialement pens\u00e9 pour les mamans et leur b\u00e9b\u00e9. Ce coffret de parfum est <strong>naturel, sans alcool, hypoallerg\u00e9nique et \u00e0 base d\u2019ingr\u00e9dients biologiques . <\/strong>Id\u00e9al pour se parfumer sans risque durant la grossesse et pour offrir \u00e0 son b\u00e9b\u00e9 un rituel olfactif doux et apaisant.<\/p>\n<p data-start=\"266\" data-end=\"532\">Le coffret comprend :<\/p>\n<ul>\n<li data-start=\"534\" data-end=\"772\"><a href=\"https:\/\/chamboule-tout-parfum.com\/en\/product\/parfum-premier-sourire\/\">\"Premier sourire\"<\/a> 50\u202fml &#8211; le format iconique pour la maison<\/li>\n<li data-start=\"534\" data-end=\"772\"><a href=\"https:\/\/chamboule-tout-parfum.com\/en\/product\/premier-sourire-format-nomade-15ml\/\">\"Premier sourire\"<\/a> 15 ml &#8211; le format voyage pour emmener partout<\/li>\n<\/ul>\n<p>Coffret \u00e9l\u00e9gant pr\u00eat \u00e0 offrir livr\u00e9 avec papier de soie et ruban d\u00e9licat.<\/p>\n<p data-start=\"110\" data-end=\"197\">Un cadeau de naissance id\u00e9al, qui avec po\u00e9sie offre le parfum des premiers souvenirs.<\/p>\n<p data-start=\"1004\" data-end=\"1197\">","protected":false},"excerpt":{"rendered":"<p>\u00a0Coffret parfum b\u00e9b\u00e9 &#8211; maman naturel et sans alcool<\/p>","protected":false},"featured_media":3059,"comment_status":"open","ping_status":"closed","template":"","meta":{"_acf_changed":false,"om_disable_all_campaigns":false,"inline_featured_image":false,"_monsterinsights_skip_tracking":false,"_monsterinsights_sitenote_active":false,"_monsterinsights_sitenote_note":"","_monsterinsights_sitenote_category":0},"product_brand":[],"product_cat":[96,95,76],"product_tag":[],"class_list":{"0":"post-2899","1":"product","2":"type-product","3":"status-publish","4":"has-post-thumbnail","6":"product_cat-cadeaux-et-coffrets","7":"product_cat-coffrets-parfums","8":"product_cat-premier-sourire","10":"first","11":"instock","12":"featured","13":"taxable","14":"shipping-taxable","15":"purchasable","16":"product-type-simple","17":"thumb-no-effect","18":"prod-rating-on","19":"prod-has-rating"},"acf":[],"aioseo_notices":[],"_links":{"self":[{"href":"https:\/\/chamboule-tout-parfum.com\/en\/wp-json\/wp\/v2\/product\/2899","targetHints":{"allow":["GET"]}}],"collection":[{"href":"https:\/\/chamboule-tout-parfum.com\/en\/wp-json\/wp\/v2\/product"}],"about":[{"href":"https:\/\/chamboule-tout-parfum.com\/en\/wp-json\/wp\/v2\/types\/product"}],"replies":[{"embeddable":true,"href":"https:\/\/chamboule-tout-parfum.com\/en\/wp-json\/wp\/v2\/comments?post=2899"}],"wp:featuredmedia":[{"embeddable":true,"href":"https:\/\/chamboule-tout-parfum.com\/en\/wp-json\/wp\/v2\/media\/3059"}],"wp:attachment":[{"href":"https:\/\/chamboule-tout-parfum.com\/en\/wp-json\/wp\/v2\/media?parent=2899"}],"wp:term":[{"taxonomy":"product_brand","embeddable":true,"href":"https:\/\/chamboule-tout-parfum.com\/en\/wp-json\/wp\/v2\/product_brand?post=2899"},{"taxonomy":"product_cat","embeddable":true,"href":"https:\/\/chamboule-tout-parfum.com\/en\/wp-json\/wp\/v2\/product_cat?post=2899"},{"taxonomy":"product_tag","embeddable":true,"href":"https:\/\/chamboule-tout-parfum.com\/en\/wp-json\/wp\/v2\/product_tag?post=2899"}],"curies":[{"name":"wp","href":"https:\/\/api.w.org\/{rel}","templated":true}]}}