{"id":2830,"date":"2026-03-03T12:41:37","date_gmt":"2026-03-03T11:41:37","guid":{"rendered":"https:\/\/chamboule-tout-parfum.com\/?post_type=product&#038;p=2830"},"modified":"2026-05-12T13:24:13","modified_gmt":"2026-05-12T11:24:13","slug":"accessoires-de-toilette-bebe","status":"publish","type":"product","link":"https:\/\/chamboule-tout-parfum.com\/en\/product\/accessoires-de-toilette-bebe\/","title":{"rendered":"Accessoires de toilette b\u00e9b\u00e9"},"content":{"rendered":"<h3 data-start=\"173\" data-end=\"258\">Pochon toilette b\u00e9b\u00e9 \u2013 Parfum 15 ml &amp; brosse douce<\/h3>\n<p data-start=\"260\" data-end=\"638\">Offrez un rituel tendre d\u00e8s les premiers jours avec le pochon de toilette Premier sourire, contenant le parfum naturel 15 ml <a href=\"https:\/\/chamboule-tout-parfum.com\/en\/product\/premier-sourire-format-nomade-15ml\/\"><em data-start=\"356\" data-end=\"373\">Premier Sourire<\/em> <\/a>et une <a href=\"https:\/\/chamboule-tout-parfum.com\/en\/product\/brosse-en-bois-naturel-bebe\/\">brosse douce en bois<\/a> fabriqu\u00e9e en France, id\u00e9al pour le sac \u00e0 langer, les week-ends chez les grands-parents ou pour transformer chaque toilette en instant apaisant. Un cadeau de naissance doux et raffin\u00e9 \u00e0 offrir ou \u00e0 s&rsquo;offrir.<\/p>\n<p data-start=\"640\" data-end=\"792\">\u2713 D\u00e8s la naissance<br data-start=\"107\" data-end=\"110\" \/>\u2713 Format voyage 15 ml<br data-start=\"131\" data-end=\"134\" data-is-only-node=\"\" \/>\u2713 Brosse douce en poils naturels<br data-start=\"166\" data-end=\"169\" \/>\u2713 95 % d&rsquo;ingr\u00e9dients BIO, sans alcool et hypoallerg\u00e9nique<\/p>","protected":false},"excerpt":{"rendered":"<p>Cadeau de naissance<\/p>","protected":false},"featured_media":3055,"comment_status":"open","ping_status":"closed","template":"","meta":{"_acf_changed":false,"om_disable_all_campaigns":false,"inline_featured_image":false,"_monsterinsights_skip_tracking":false,"_monsterinsights_sitenote_active":false,"_monsterinsights_sitenote_note":"","_monsterinsights_sitenote_category":0},"product_brand":[],"product_cat":[76,94],"product_tag":[],"class_list":{"0":"post-2830","1":"product","2":"type-product","3":"status-publish","4":"has-post-thumbnail","6":"product_cat-premier-sourire","7":"product_cat-toilette-bebe-accessoires","9":"first","10":"instock","11":"taxable","12":"shipping-taxable","13":"purchasable","14":"product-type-simple","15":"thumb-no-effect","16":"prod-rating-on","17":"prod-has-rating"},"acf":[],"aioseo_notices":[],"_links":{"self":[{"href":"https:\/\/chamboule-tout-parfum.com\/en\/wp-json\/wp\/v2\/product\/2830","targetHints":{"allow":["GET"]}}],"collection":[{"href":"https:\/\/chamboule-tout-parfum.com\/en\/wp-json\/wp\/v2\/product"}],"about":[{"href":"https:\/\/chamboule-tout-parfum.com\/en\/wp-json\/wp\/v2\/types\/product"}],"replies":[{"embeddable":true,"href":"https:\/\/chamboule-tout-parfum.com\/en\/wp-json\/wp\/v2\/comments?post=2830"}],"wp:featuredmedia":[{"embeddable":true,"href":"https:\/\/chamboule-tout-parfum.com\/en\/wp-json\/wp\/v2\/media\/3055"}],"wp:attachment":[{"href":"https:\/\/chamboule-tout-parfum.com\/en\/wp-json\/wp\/v2\/media?parent=2830"}],"wp:term":[{"taxonomy":"product_brand","embeddable":true,"href":"https:\/\/chamboule-tout-parfum.com\/en\/wp-json\/wp\/v2\/product_brand?post=2830"},{"taxonomy":"product_cat","embeddable":true,"href":"https:\/\/chamboule-tout-parfum.com\/en\/wp-json\/wp\/v2\/product_cat?post=2830"},{"taxonomy":"product_tag","embeddable":true,"href":"https:\/\/chamboule-tout-parfum.com\/en\/wp-json\/wp\/v2\/product_tag?post=2830"}],"curies":[{"name":"wp","href":"https:\/\/api.w.org\/{rel}","templated":true}]}}