{"id":2595,"date":"2025-11-11T15:54:03","date_gmt":"2025-11-11T14:54:03","guid":{"rendered":"https:\/\/chamboule-tout-parfum.com\/?post_type=product&#038;p=2595"},"modified":"2026-03-14T11:50:56","modified_gmt":"2026-03-14T10:50:56","slug":"une-grenadine-pour-deux-format-15-ml-2","status":"publish","type":"product","link":"https:\/\/chamboule-tout-parfum.com\/en\/product\/une-grenadine-pour-deux-format-15-ml-2\/","title":{"rendered":"Une grenadine pour deux &#8211; Format voyage"},"content":{"rendered":"<p data-start=\"174\" data-end=\"339\">Rediscover all the mischief and deliciousness <a href=\"https:\/\/chamboule-tout-parfum.com\/en\/product\/parfum-une-grenadine-pour-deux\/\">of<em data-start=\"220\" data-end=\"245\">Une grenadine pour deux<\/em> <\/a>in a travel-friendly format, perfect for discovering the fragrance or taking it with you wherever you go.<\/p>\n<p data-start=\"341\" data-end=\"628\">Avec ses notes fruit\u00e9es de framboise, fraise et grenade, son c\u0153ur tendre de rose, violette et barbe \u00e0 papa, et son sillage enveloppant de vanille, caramel et musc blanc, cette eau de senteur naturelle et sans alcool respectueuse de la peau d\u00e9licate des enfants s\u00e9duit les petits\u2026 comme les grands <img loading=\"lazy\" decoding=\"async\" class=\"an1\" draggable=\"false\" src=\"https:\/\/fonts.gstatic.com\/s\/e\/notoemoji\/16.0\/1f609\/72.png\" alt=\"\ud83d\ude09\" width=\"12\" height=\"12\" data-emoji=\"\ud83d\ude09\" aria-label=\"\ud83d\ude09\" \/>\u00a0<img loading=\"lazy\" decoding=\"async\" class=\"an1\" draggable=\"false\" src=\"https:\/\/fonts.gstatic.com\/s\/e\/notoemoji\/16.0\/1f308\/72.png\" alt=\"\ud83c\udf08\" width=\"12\" height=\"12\" data-emoji=\"\ud83c\udf08\" aria-label=\"\ud83c\udf08\" \/><\/p>\n<p data-start=\"630\" data-end=\"774\">A concentrate of joy and complicity, to slip into your handbag, school bag or suitcase to prolong the pleasure of shared moments of joy!<\/p>\n<p data-start=\"630\" data-end=\"774\">Pour une d\u00e9couverte en douceur, une carte parfum\u00e9e est gliss\u00e9e dans votre commande, afin de sentir la fragrance avant d\u2019ouvrir le flacon.<\/p>\n<p data-start=\"1800\" data-end=\"2006\">","protected":false},"excerpt":{"rendered":"<p>Eau de senteur pour enfants Parfum sans alcool<\/p>","protected":false},"featured_media":2605,"comment_status":"open","ping_status":"closed","template":"","meta":{"_acf_changed":false,"om_disable_all_campaigns":false,"inline_featured_image":false,"_monsterinsights_skip_tracking":false,"_monsterinsights_sitenote_active":false,"_monsterinsights_sitenote_note":"","_monsterinsights_sitenote_category":0},"product_brand":[],"product_cat":[77],"product_tag":[],"class_list":{"0":"post-2595","1":"product","2":"type-product","3":"status-publish","4":"has-post-thumbnail","6":"product_cat-une-grenadine-pour-deux","8":"first","9":"instock","10":"taxable","11":"shipping-taxable","12":"purchasable","13":"product-type-simple","14":"thumb-no-effect","15":"prod-rating-on","16":"prod-has-rating"},"acf":[],"aioseo_notices":[],"_links":{"self":[{"href":"https:\/\/chamboule-tout-parfum.com\/en\/wp-json\/wp\/v2\/product\/2595","targetHints":{"allow":["GET"]}}],"collection":[{"href":"https:\/\/chamboule-tout-parfum.com\/en\/wp-json\/wp\/v2\/product"}],"about":[{"href":"https:\/\/chamboule-tout-parfum.com\/en\/wp-json\/wp\/v2\/types\/product"}],"replies":[{"embeddable":true,"href":"https:\/\/chamboule-tout-parfum.com\/en\/wp-json\/wp\/v2\/comments?post=2595"}],"wp:featuredmedia":[{"embeddable":true,"href":"https:\/\/chamboule-tout-parfum.com\/en\/wp-json\/wp\/v2\/media\/2605"}],"wp:attachment":[{"href":"https:\/\/chamboule-tout-parfum.com\/en\/wp-json\/wp\/v2\/media?parent=2595"}],"wp:term":[{"taxonomy":"product_brand","embeddable":true,"href":"https:\/\/chamboule-tout-parfum.com\/en\/wp-json\/wp\/v2\/product_brand?post=2595"},{"taxonomy":"product_cat","embeddable":true,"href":"https:\/\/chamboule-tout-parfum.com\/en\/wp-json\/wp\/v2\/product_cat?post=2595"},{"taxonomy":"product_tag","embeddable":true,"href":"https:\/\/chamboule-tout-parfum.com\/en\/wp-json\/wp\/v2\/product_tag?post=2595"}],"curies":[{"name":"wp","href":"https:\/\/api.w.org\/{rel}","templated":true}]}}