{"id":2336,"date":"2025-08-03T16:18:35","date_gmt":"2025-08-03T14:18:35","guid":{"rendered":"https:\/\/chamboule-tout-parfum.com\/?post_type=product&#038;p=2336"},"modified":"2026-03-19T16:08:26","modified_gmt":"2026-03-19T15:08:26","slug":"premier-sourire-format-nomade-15ml","status":"publish","type":"product","link":"https:\/\/chamboule-tout-parfum.com\/en\/product\/premier-sourire-format-nomade-15ml\/","title":{"rendered":"Premier Sourire &#8211; Format voyage"},"content":{"rendered":"<p data-start=\"341\" data-end=\"527\">En format voyage 15\u202fml, <a href=\"https:\/\/chamboule-tout-parfum.com\/en\/product\/parfum-premier-sourire\/\"><em data-start=\"362\" data-end=\"379\">Premier Sourire<\/em> <\/a>se glisse facilement dans le sac \u00e0 langer ou le sac \u00e0 main, pour offrir un moment de douceur et d\u2019apaisement \u00e0 tout moment de la journ\u00e9e.<\/p>\n<p data-start=\"533\" data-end=\"779\">Formul\u00e9 avec <strong data-start=\"546\" data-end=\"600\">plus de 95\u202f% d\u2019ingr\u00e9dients biologiques et naturels<\/strong>, <strong data-start=\"602\" data-end=\"617\">sans alcool<\/strong> et <strong data-start=\"621\" data-end=\"641\">hypoallerg\u00e9nique<\/strong>, notre<strong data-start=\"646\" data-end=\"666\">\u00a0parfum b\u00e9b\u00e9<\/strong> est test\u00e9 dermatologiquement, il est parfaitement adapt\u00e9 aux <strong data-start=\"723\" data-end=\"776\">peaux sensibles des nourrissons et jeunes enfants<\/strong>.<\/p>\n<p data-start=\"785\" data-end=\"978\"><em>Id\u00e9al comme cadeau naissance ou comme attention d\u00e9licate pour une future maman, pour partager un moment de douceur et de complicit\u00e9.<\/em><\/p>\n<p data-start=\"739\" data-end=\"916\">","protected":false},"excerpt":{"rendered":"<p>Eau de senteur maman\u00a0 b\u00e9b\u00e9\u00a0Parfum b\u00e9b\u00e9 naturel et sans alcool &nbsp;<\/p>","protected":false},"featured_media":2613,"comment_status":"open","ping_status":"closed","template":"","meta":{"_acf_changed":false,"om_disable_all_campaigns":false,"inline_featured_image":false,"_monsterinsights_skip_tracking":false,"_monsterinsights_sitenote_active":false,"_monsterinsights_sitenote_note":"","_monsterinsights_sitenote_category":0},"product_brand":[],"product_cat":[76],"product_tag":[],"class_list":{"0":"post-2336","1":"product","2":"type-product","3":"status-publish","4":"has-post-thumbnail","6":"product_cat-premier-sourire","8":"first","9":"instock","10":"taxable","11":"shipping-taxable","12":"purchasable","13":"product-type-simple","14":"thumb-no-effect","15":"prod-rating-on","16":"prod-has-rating"},"acf":[],"aioseo_notices":[],"_links":{"self":[{"href":"https:\/\/chamboule-tout-parfum.com\/en\/wp-json\/wp\/v2\/product\/2336","targetHints":{"allow":["GET"]}}],"collection":[{"href":"https:\/\/chamboule-tout-parfum.com\/en\/wp-json\/wp\/v2\/product"}],"about":[{"href":"https:\/\/chamboule-tout-parfum.com\/en\/wp-json\/wp\/v2\/types\/product"}],"replies":[{"embeddable":true,"href":"https:\/\/chamboule-tout-parfum.com\/en\/wp-json\/wp\/v2\/comments?post=2336"}],"wp:featuredmedia":[{"embeddable":true,"href":"https:\/\/chamboule-tout-parfum.com\/en\/wp-json\/wp\/v2\/media\/2613"}],"wp:attachment":[{"href":"https:\/\/chamboule-tout-parfum.com\/en\/wp-json\/wp\/v2\/media?parent=2336"}],"wp:term":[{"taxonomy":"product_brand","embeddable":true,"href":"https:\/\/chamboule-tout-parfum.com\/en\/wp-json\/wp\/v2\/product_brand?post=2336"},{"taxonomy":"product_cat","embeddable":true,"href":"https:\/\/chamboule-tout-parfum.com\/en\/wp-json\/wp\/v2\/product_cat?post=2336"},{"taxonomy":"product_tag","embeddable":true,"href":"https:\/\/chamboule-tout-parfum.com\/en\/wp-json\/wp\/v2\/product_tag?post=2336"}],"curies":[{"name":"wp","href":"https:\/\/api.w.org\/{rel}","templated":true}]}}