{"id":1937,"date":"2025-02-11T13:32:41","date_gmt":"2025-02-11T12:32:41","guid":{"rendered":"https:\/\/chamboule-tout-parfum.com\/?post_type=product&#038;p=1937"},"modified":"2026-05-01T14:36:39","modified_gmt":"2026-05-01T12:36:39","slug":"gamins-des-sables","status":"publish","type":"product","link":"https:\/\/chamboule-tout-parfum.com\/en\/product\/gamins-des-sables\/","title":{"rendered":"Gamins des sables &#8211; Eau de senteur enfant"},"content":{"rendered":"<h3>Un sillage joyeux et libre<\/h3>\n<p data-start=\"371\" data-end=\"586\" data-is-last-node=\"\">An iodized note reminiscent of the waves, gourmand notes like a stolen snack and a hint of carefreeness that sticks to the skin like salt after a swim.<\/p>\n<p data-start=\"508\" data-end=\"651\">Pens\u00e9 comme un v\u00e9ritable parfum, <em data-start=\"541\" data-end=\"560\">Gamins des Sables<\/em> allie exigence olfactive et formulation douce, sans alcool et adapt\u00e9e aux peaux sensibles.<\/p>\n<p data-start=\"653\" data-end=\"838\">Une envol\u00e9e fra\u00eeche et iod\u00e9e, comme une brise marine.<br data-start=\"706\" data-end=\"709\" \/>Un c\u0153ur tendre et lumineux.<br data-start=\"736\" data-end=\"739\" \/>En fond, une douceur solaire et l\u00e9g\u00e8rement gourmande qui reste sur la peau comme un souvenir d\u2019\u00e9t\u00e9.<\/p>\n<p data-start=\"845\" data-end=\"966\"><img decoding=\"async\" class=\"emoji\" role=\"img\" draggable=\"false\" src=\"https:\/\/s.w.org\/images\/core\/emoji\/17.0.2\/svg\/1f31e.svg\" alt=\"\ud83c\udf1e\" \/>\u00a0Frais et libre, Gamins des Sables prolonge l\u2019esprit des vacances \u00e0 tout moment de l\u2019ann\u00e9e !<\/p>\n<p data-start=\"968\" data-end=\"1003\">For children young and old <img loading=\"lazy\" decoding=\"async\" class=\"an1\" draggable=\"false\" src=\"https:\/\/fonts.gstatic.com\/s\/e\/notoemoji\/17.0\/1fa81\/72.png\" alt=\"\ud83e\ude81\" width=\"19\" height=\"19\" data-emoji=\"\ud83e\ude81\" aria-label=\"\ud83e\ude81\" \/><\/p>\n<p><em>Id\u00e9e cadeau originale : parfait pour un anniversaire, ou toute occasion sp\u00e9ciale, pour ravir parents et enfants avec une fragrance solaire et naturelle.<\/em><\/p>\n<p><strong><em>Essayez d\u2019abord : Un \u00e9chantillon 2 ml offert pour le d\u00e9couvrir sur votre peau avant de l\u2019adopter.<\/em><\/strong><\/p>\n<p data-start=\"371\" data-end=\"586\" data-is-last-node=\"\">","protected":false},"excerpt":{"rendered":"<p>Sortie pr\u00e9vue \u00c9t\u00e9 2026\u202f Parfum sans alcool<\/p>","protected":false},"featured_media":2759,"comment_status":"closed","ping_status":"closed","template":"","meta":{"_acf_changed":false,"om_disable_all_campaigns":false,"inline_featured_image":false,"_monsterinsights_skip_tracking":false,"_monsterinsights_sitenote_active":false,"_monsterinsights_sitenote_note":"","_monsterinsights_sitenote_category":0},"product_brand":[],"product_cat":[85],"product_tag":[],"class_list":{"0":"post-1937","1":"product","2":"type-product","3":"status-publish","4":"has-post-thumbnail","6":"product_cat-gamins-des-sables","8":"first","9":"instock","10":"taxable","11":"shipping-taxable","12":"product-type-simple","13":"thumb-no-effect","14":"prod-rating-on","15":"prod-has-rating"},"acf":[],"aioseo_notices":[],"_links":{"self":[{"href":"https:\/\/chamboule-tout-parfum.com\/en\/wp-json\/wp\/v2\/product\/1937","targetHints":{"allow":["GET"]}}],"collection":[{"href":"https:\/\/chamboule-tout-parfum.com\/en\/wp-json\/wp\/v2\/product"}],"about":[{"href":"https:\/\/chamboule-tout-parfum.com\/en\/wp-json\/wp\/v2\/types\/product"}],"replies":[{"embeddable":true,"href":"https:\/\/chamboule-tout-parfum.com\/en\/wp-json\/wp\/v2\/comments?post=1937"}],"wp:featuredmedia":[{"embeddable":true,"href":"https:\/\/chamboule-tout-parfum.com\/en\/wp-json\/wp\/v2\/media\/2759"}],"wp:attachment":[{"href":"https:\/\/chamboule-tout-parfum.com\/en\/wp-json\/wp\/v2\/media?parent=1937"}],"wp:term":[{"taxonomy":"product_brand","embeddable":true,"href":"https:\/\/chamboule-tout-parfum.com\/en\/wp-json\/wp\/v2\/product_brand?post=1937"},{"taxonomy":"product_cat","embeddable":true,"href":"https:\/\/chamboule-tout-parfum.com\/en\/wp-json\/wp\/v2\/product_cat?post=1937"},{"taxonomy":"product_tag","embeddable":true,"href":"https:\/\/chamboule-tout-parfum.com\/en\/wp-json\/wp\/v2\/product_tag?post=1937"}],"curies":[{"name":"wp","href":"https:\/\/api.w.org\/{rel}","templated":true}]}}