{"id":1640,"date":"2024-05-24T15:09:21","date_gmt":"2024-05-24T13:09:21","guid":{"rendered":"https:\/\/chamboule-tout-parfum.com\/?page_id=1640"},"modified":"2026-02-18T11:26:26","modified_gmt":"2026-02-18T10:26:26","slug":"la-nature-nous","status":"publish","type":"page","link":"https:\/\/chamboule-tout-parfum.com\/en\/la-nature-nous\/","title":{"rendered":"La Nature &#038; Nous"},"content":{"rendered":"<section class=\"wpb-content-wrapper\"><div class=\"vc_row wpb_row vc_row-fluid la_fp_slide la_fp_child_section\"><div class=\"wpb_column vc_column_container vc_col-sm-2\"><div class=\"vc_column-inner \"><div class=\"wpb_wrapper\"><\/div><\/div><\/div><div class=\"wpb_column vc_column_container vc_col-sm-8\"><div class=\"vc_column-inner \"><div class=\"wpb_wrapper\">\n\t<div class=\"wpb_raw_code wpb_content_element wpb_raw_html\" >\n\t\t<div class=\"wpb_wrapper\">\n\t\t\t<h2 class=\"page-title\">Un souhait<br>\n<small>s'inscrire avec respect dans le temps<\/small><\/h2>\n\t\t<\/div>\n\t<\/div>\n<\/div><\/div><\/div><div class=\"wpb_column vc_column_container vc_col-sm-2\"><div class=\"vc_column-inner \"><div class=\"wpb_wrapper\"><\/div><\/div><\/div><\/div><div data-vc-full-width=\"true\" data-vc-full-width-init=\"false\" class=\"vc_row wpb_row vc_row-fluid bande vc_row-o-content-middle vc_row-flex la_fp_slide la_fp_child_section\"><div class=\"wpb_column vc_column_container vc_col-sm-6\"><div class=\"vc_column-inner \"><div class=\"wpb_wrapper\"><div id=\"la_heading_69e5d5ff16a48\" class=\"la-headings text-left\"><h2 class=\"js-el heading-tag la-unit-responsive letter-spacing--2 padding-bottom-20\" style=\"\"  data-la_component=\"UnitResponsive\"  data-el_target='#la_heading_69e5d5ff16a48 .heading-tag'  data-el_media_sizes='{&quot;font-size&quot;:&quot;xlg:36px;lg:35px;&quot;,&quot;line-height&quot;:&quot;&quot;}' >Formulation innovante<\/h2><div class=\"js-el subheading-tag la-unit-responsive\" style=\"color:#5d5d5d\" ><p><span style=\"font-weight: 400;\">D\u00e8s le d\u00e9part, notre recherche et notre production int\u00e8grent <strong>l\u2019impact environnemental comme une priorit\u00e9.<\/strong> Notre formule innovante, compos\u00e9e d\u2019ingr\u00e9dients d\u2019origine naturelle\u00a0s\u2019accompagne d\u2019un processus de fabrication \u00e9coresponsable, cr\u00e9ant un pont entre l\u2019univers de la parfumerie et celui d\u2019un environnement sain et responsable.<\/span><\/p>\n<\/div><\/div>\n<\/div><\/div><\/div><div class=\"wpb_column vc_column_container vc_col-sm-6\"><div class=\"vc_column-inner vc_custom_1742221447519\"><div class=\"wpb_wrapper\"><div id=\"\" class=\"video-player-for-wpbakery \">\n    <div class=\"video-player-for-wpbakery-container\">\n        <video\n            width=\"560\"\n            height=\"315\"\n            controls            autoplay            loop            muted                        preload=\"metadata\"                        crossorigin=\"anonymous\"\n            disablepictureinpicture=\"false\">\n            <source src=\"https:\/\/chamboule-tout-parfum.com\/wp-content\/uploads\/2024\/11\/Horizontale_pour_web21.mp4\" type=\"video\/mp4\">\n            Your browser does not support the video tag.        <\/video>\n    <\/div>\n<\/div>\n<\/div><\/div><\/div><\/div><div class=\"vc_row-full-width vc_clearfix\"><\/div><div class=\"vc_row wpb_row vc_row-fluid la_fp_slide la_fp_child_section\"><div class=\"wpb_column vc_column_container vc_col-sm-12\"><div class=\"vc_column-inner \"><div class=\"wpb_wrapper\">\n\t<div class=\"wpb_raw_code wpb_content_element wpb_raw_html\" >\n\t\t<div class=\"wpb_wrapper\">\n\t\t\t<h3 class=\"page-subtitle\" style=\"margin-top:0\"><span>Des<\/span> parfums doux et s\u00fbrs <span>qui<\/span> respectent la Nature<br> autant que <span class=\"highlight\">la peau de vos enfants<\/span><\/h3>\n\t\t<\/div>\n\t<\/div>\n<div class=\"vc_empty_space\"   style=\"height: 50px\"><span class=\"vc_empty_space_inner\"><\/span><\/div><\/div><\/div><\/div><div class=\"wpb_column vc_column_container vc_col-sm-12\"><div class=\"vc_column-inner \"><div class=\"wpb_wrapper\"><\/div><\/div><\/div><\/div><div data-vc-full-width=\"true\" data-vc-full-width-init=\"false\" class=\"vc_row wpb_row vc_row-fluid bande vc_row-o-equal-height vc_row-o-content-middle vc_row-flex la_fp_slide la_fp_child_section\"><div class=\"wpb_column vc_column_container vc_col-sm-6\"><div class=\"vc_column-inner \"><div class=\"wpb_wrapper\"><div id=\"la_heading_69e5d5ff1844a\" class=\"la-headings text-left\"><h2 class=\"js-el heading-tag la-unit-responsive letter-spacing--2 padding-bottom-20\" style=\"\"  data-la_component=\"UnitResponsive\"  data-el_target='#la_heading_69e5d5ff1844a .heading-tag'  data-el_media_sizes='{&quot;font-size&quot;:&quot;xlg:36px;lg:35px;&quot;,&quot;line-height&quot;:&quot;&quot;}' >Flacons &amp; Packaging<\/h2><div class=\"js-el subheading-tag la-unit-responsive\" style=\"color:#5d5d5d\" ><p>Un flacon con\u00e7u dans une d\u00e9marche d&rsquo;\u00e9co-conception, alliant durabilit\u00e9 et savoir-faire.<\/p>\n<ul>\n<li>Flacon \u00e0 vis en verre rechargeable<\/li>\n<li>Capuchon en bois &#8211; insert en li\u00e8ge<\/li>\n<li>Mis en bouteille par une entreprise locale<\/li>\n<li>Production au compte goutte<\/li>\n<\/ul>\n<\/div><\/div>\n<\/div><\/div><\/div><div class=\"wpb_column vc_column_container vc_col-sm-3\"><div class=\"vc_column-inner \"><div class=\"wpb_wrapper\">\n\t<div  class=\"wpb_single_image wpb_content_element vc_align_right\">\n\t\t\n\t\t<figure class=\"wpb_wrapper vc_figure\">\n\t\t\t<a class=\"\" data-lightbox=\"lightbox[rel-1640-3703068336]\" href=\"https:\/\/chamboule-tout-parfum.com\/wp-content\/uploads\/2024\/01\/CT_maman_bb_dore-isa-clean-premiersourire-e1740664033928.jpg\" target=\"_self\" class=\"vc_single_image-wrapper   vc_box_border_grey\"><img loading=\"lazy\" decoding=\"async\" width=\"676\" height=\"561\" src=\"https:\/\/chamboule-tout-parfum.com\/wp-content\/uploads\/2024\/01\/CT_maman_bb_dore-isa-clean-premiersourire-e1740664033928.jpg\" class=\"vc_single_image-img attachment-medium\" alt=\"\" title=\"CT_maman_bb_dore\u0301-isa clean-premiersourire\" \/><\/a>\n\t\t<\/figure>\n\t<\/div>\n<\/div><\/div><\/div><div class=\"wpb_column vc_column_container vc_col-sm-3\"><div class=\"vc_column-inner \"><div class=\"wpb_wrapper\"><\/div><\/div><\/div><\/div><div class=\"vc_row-full-width vc_clearfix\"><\/div><div class=\"vc_row wpb_row vc_row-fluid la_fp_slide la_fp_child_section\"><div class=\"wpb_column vc_column_container vc_col-sm-12\"><div class=\"vc_column-inner \"><div class=\"wpb_wrapper\"><div class=\"vc_empty_space\"   style=\"height: 80px\"><span class=\"vc_empty_space_inner\"><\/span><\/div><\/div><\/div><\/div><\/div><div data-vc-full-width=\"true\" data-vc-full-width-init=\"false\" class=\"vc_row wpb_row vc_row-fluid bande vc_row-o-content-top vc_row-flex la_fp_slide la_fp_child_section\"><div class=\"wpb_column vc_column_container vc_col-sm-8\"><div class=\"vc_column-inner \"><div class=\"wpb_wrapper\">\n\t<div  class=\"wpb_single_image wpb_content_element vc_align_right   no_effect\">\n\t\t\n\t\t<figure class=\"wpb_wrapper vc_figure\">\n\t\t\t<a class=\"\" data-lightbox=\"lightbox[rel-1640-795756191]\" href=\"https:\/\/chamboule-tout-parfum.com\/wp-content\/uploads\/2025\/03\/upcycling_du_packaging_0503-scaled.jpg\" target=\"_self\" class=\"vc_single_image-wrapper   vc_box_border_grey\"><img loading=\"lazy\" decoding=\"async\" width=\"2560\" height=\"1331\" src=\"https:\/\/chamboule-tout-parfum.com\/wp-content\/uploads\/2025\/03\/upcycling_du_packaging_0503-scaled.jpg\" class=\"vc_single_image-img attachment-full\" alt=\"\" title=\"upcycling_du_packaging_0503\" \/><\/a>\n\t\t<\/figure>\n\t<\/div>\n<\/div><\/div><\/div><div class=\"wpb_column vc_column_container vc_col-sm-4\"><div class=\"vc_column-inner \"><div class=\"wpb_wrapper\"><div id=\"la_heading_69e5d5ff1cfd1\" class=\"la-headings text-left\"><h2 class=\"js-el heading-tag la-unit-responsive letter-spacing--2 padding-bottom-20\" style=\"\"  data-la_component=\"UnitResponsive\"  data-el_target='#la_heading_69e5d5ff1cfd1 .heading-tag'  data-el_media_sizes='{&quot;font-size&quot;:&quot;xlg:36px;lg:35px;&quot;,&quot;line-height&quot;:&quot;&quot;}' >Rien ne se perd, tout se transforme.<\/h2><div class=\"js-el subheading-tag la-unit-responsive\" style=\"color:#5d5d5d\" ><p>Un simple carton ? Pas seulement\u2026<\/p>\n<p>Notre packaging,\u00a0 n\u2019est pas qu\u2019un \u00e9crin : c\u2019est aussi une invitation \u00e0 cr\u00e9er, \u00e0 r\u00eaver, \u00e0 r\u00e9utiliser.<\/p>\n<p class=\"\" data-start=\"222\" data-end=\"386\">Nous avons choisi d\u2019int\u00e9grer <strong>l\u2019upcycling<\/strong> dans nos packagings afin de r\u00e9duire notre impact environnemental. De fa\u00e7on ludique, vous d\u00e9couvrirez comment avec un peu d&rsquo;imagination (et quelques coups de ciseaux), transformer un simple carton en un joli souvenir <img loading=\"lazy\" decoding=\"async\" class=\"an1\" draggable=\"false\" src=\"https:\/\/fonts.gstatic.com\/s\/e\/notoemoji\/16.0\/1f33f\/72.png\" alt=\"\ud83c\udf3f\" width=\"13\" height=\"13\" data-emoji=\"\ud83c\udf3f\" aria-label=\"\ud83c\udf3f\" \/><\/p>\n<\/div><\/div>\n<\/div><\/div><\/div><\/div><div class=\"vc_row-full-width vc_clearfix\"><\/div><div class=\"vc_row wpb_row vc_row-fluid la_fp_slide la_fp_child_section\"><div class=\"wpb_column vc_column_container vc_col-sm-12\"><div class=\"vc_column-inner \"><div class=\"wpb_wrapper\"><div class=\"vc_empty_space\"   style=\"height: 60px\"><span class=\"vc_empty_space_inner\"><\/span><\/div><\/div><\/div><\/div><\/div>\n<\/section>","protected":false},"excerpt":{"rendered":"Un souhait s'inscrire avec respect dans le temps Formulation innovanteD\u00e8s le d\u00e9part, notre recherche et notre production int\u00e8grent l\u2019impact environnemental comme une priorit\u00e9. Notre formule innovante, compos\u00e9e d\u2019ingr\u00e9dients d\u2019origine naturelle\u00a0s\u2019accompagne d\u2019un processus de fabrication \u00e9coresponsable, cr\u00e9ant un pont entre l\u2019univers de la parfumerie et celui d\u2019un environnement sain et responsable.&hellip;","protected":false},"author":1,"featured_media":0,"parent":0,"menu_order":0,"comment_status":"closed","ping_status":"closed","template":"","meta":{"_acf_changed":false,"om_disable_all_campaigns":false,"inline_featured_image":false,"_monsterinsights_skip_tracking":false,"_monsterinsights_sitenote_active":false,"_monsterinsights_sitenote_note":"","_monsterinsights_sitenote_category":0,"footnotes":""},"class_list":["post-1640","page","type-page","status-publish","hentry"],"acf":[],"aioseo_notices":[],"_links":{"self":[{"href":"https:\/\/chamboule-tout-parfum.com\/en\/wp-json\/wp\/v2\/pages\/1640","targetHints":{"allow":["GET"]}}],"collection":[{"href":"https:\/\/chamboule-tout-parfum.com\/en\/wp-json\/wp\/v2\/pages"}],"about":[{"href":"https:\/\/chamboule-tout-parfum.com\/en\/wp-json\/wp\/v2\/types\/page"}],"author":[{"embeddable":true,"href":"https:\/\/chamboule-tout-parfum.com\/en\/wp-json\/wp\/v2\/users\/1"}],"replies":[{"embeddable":true,"href":"https:\/\/chamboule-tout-parfum.com\/en\/wp-json\/wp\/v2\/comments?post=1640"}],"version-history":[{"count":125,"href":"https:\/\/chamboule-tout-parfum.com\/en\/wp-json\/wp\/v2\/pages\/1640\/revisions"}],"predecessor-version":[{"id":2790,"href":"https:\/\/chamboule-tout-parfum.com\/en\/wp-json\/wp\/v2\/pages\/1640\/revisions\/2790"}],"wp:attachment":[{"href":"https:\/\/chamboule-tout-parfum.com\/en\/wp-json\/wp\/v2\/media?parent=1640"}],"curies":[{"name":"wp","href":"https:\/\/api.w.org\/{rel}","templated":true}]}}