{"id":1506,"date":"2024-02-08T11:09:46","date_gmt":"2024-02-08T10:09:46","guid":{"rendered":"https:\/\/chamboule-tout-parfum.com\/?page_id=1506"},"modified":"2025-10-10T12:02:32","modified_gmt":"2025-10-10T10:02:32","slug":"ingredients","status":"publish","type":"page","link":"https:\/\/chamboule-tout-parfum.com\/en\/ingredients\/","title":{"rendered":"Ingredients"},"content":{"rendered":"<section class=\"wpb-content-wrapper\"><div class=\"vc_row wpb_row vc_row-fluid la_fp_slide la_fp_child_section\"><div class=\"wpb_column vc_column_container vc_col-sm-2\"><div class=\"vc_column-inner \"><div class=\"wpb_wrapper\"><\/div><\/div><\/div><div class=\"wpb_column vc_column_container vc_col-sm-8\"><div class=\"vc_column-inner \"><div class=\"wpb_wrapper\">\n\t<div class=\"wpb_raw_code wpb_content_element wpb_raw_html\" >\n\t\t<div class=\"wpb_wrapper\">\n\t\t\t<h2 class=\"page-title\">Less is More<sup>*<\/sup><\/h2>\n\t\t<\/div>\n\t<\/div>\n<div id=\"la_divider69e5e99e1459c\" class=\"js-el la-divider la-unit-responsive\" data-la_component=\"UnitResponsive\"  data-el_target='#la_divider69e5e99e1459c'  data-el_media_sizes='{&quot;padding-top&quot;:&quot;lg:30px;&quot;}' ><\/div>\n<\/div><\/div><\/div><div class=\"wpb_column vc_column_container vc_col-sm-2\"><div class=\"vc_column-inner \"><div class=\"wpb_wrapper\"><\/div><\/div><\/div><\/div><div class=\"vc_row wpb_row vc_row-fluid vc_row-o-content-middle vc_row-flex la_fp_slide la_fp_child_section\"><div class=\"wpb_column vc_column_container vc_col-sm-6\"><div class=\"vc_column-inner \"><div class=\"wpb_wrapper\">\n\t<div  class=\"wpb_single_image wpb_content_element vc_align_left   para_fleurs\">\n\t\t\n\t\t<figure class=\"wpb_wrapper vc_figure\">\n\t\t\t<div class=\"vc_single_image-wrapper   vc_box_border_grey\"><img loading=\"lazy\" decoding=\"async\" width=\"525\" height=\"357\" src=\"https:\/\/chamboule-tout-parfum.com\/wp-content\/uploads\/2024\/02\/Capture-decran-2024-01-31-190255.png\" class=\"vc_single_image-img attachment-full\" alt=\"\" title=\"Capture d&#039;e\u0301cran 2024-01-31 190255\" \/><\/div>\n\t\t<\/figure>\n\t<\/div>\n<\/div><\/div><\/div><div class=\"wpb_column vc_column_container vc_col-sm-6\"><div class=\"vc_column-inner \"><div class=\"wpb_wrapper\"><div id=\"la_heading_69e5e99e159da\" class=\"la-headings text-center\"><div class=\"js-el subheading-tag la-unit-responsive\" style=\"\" ><p>Nous chamboulons les choses pour le meilleur !<\/p>\n<p><strong>D\u00e9couvrez l&rsquo;art des cr\u00e9ations olfactives naturelles et sans alcool<\/strong><\/p>\n<p>Un subtil m\u00e9lange, o\u00f9 rime adroitement, finesse d\u2019un grand parfum et mati\u00e8res naturelles, pour le plus grand respect des peaux sensibles et de leur <a href=\"https:\/\/chamboule-tout-parfum.com\/la-nature-nous\/\">environnement<\/a>.<\/p>\n<p>Nous ne nous contentons pas de respecter les interdictions en mati\u00e8re d\u2019ingr\u00e9dients. Nous allons au-del\u00e0 des r\u00e9glementations en \u00e9liminant syst\u00e9matiquement toutes les substances controvers\u00e9es de nos formulations.<\/p>\n<p data-pm-slice=\"1 1 &#091;&#093;\">Quelle que soit la gamme, nous garantissons la m\u00eame exigence de formulation, avec des compositions saines et rigoureusement s\u00e9lectionn\u00e9es.\u00a0 Ainsi<strong> tous nos parfums sont sans alcool<\/strong> et formul\u00e9s avec <strong>plus de 95 % d\u2019ingr\u00e9dients d\u2019origine biologique.<\/strong><\/p>\n<p data-pm-slice=\"1 1 &#091;&#093;\">Destin\u00e9s aux plus sensibles et<strong> test\u00e9s dermatologiquement,<\/strong> ils sont compos\u00e9s de mati\u00e8res premi\u00e8res de haute qualit\u00e9, <strong>sans allerg\u00e8nes<\/strong>, soigneusement s\u00e9lectionn\u00e9es pour respecter les peaux les plus fragiles tout en offrant une signature olfactive unique.<\/p>\n<\/div><\/div>\n<div id=\"la_divider69e5e99e15aca\" class=\"js-el la-divider la-unit-responsive\" data-la_component=\"UnitResponsive\"  data-el_target='#la_divider69e5e99e15aca'  data-el_media_sizes='{&quot;padding-top&quot;:&quot;lg:30px;&quot;}' ><\/div>\n<\/div><\/div><\/div><\/div><div class=\"vc_row wpb_row vc_row-fluid la_fp_slide la_fp_child_section\"><div class=\"wpb_column vc_column_container vc_col-sm-12\"><div class=\"vc_column-inner \"><div class=\"wpb_wrapper\"><div class=\"vc_empty_space\"   style=\"height: 20px\"><span class=\"vc_empty_space_inner\"><\/span><\/div>\n\t<div class=\"wpb_raw_code wpb_content_element wpb_raw_html\" >\n\t\t<div class=\"wpb_wrapper\">\n\t\t\t<h3 class=\"page-subtitle\"><span>C'est en d\u00e9diant son parfum \u00e0<\/span> la future maman et \u00e0 son b\u00e9b\u00e9,<br> <span><span class=\"highlight\">que la marque a \u00e9t\u00e9 guid\u00e9e<\/span><\/span><\/h3>\n\t\t<\/div>\n\t<\/div>\n<div class=\"vc_empty_space\"   style=\"height: 20px\"><span class=\"vc_empty_space_inner\"><\/span><\/div><\/div><\/div><\/div><\/div><div class=\"vc_row wpb_row vc_row-fluid vc_custom_1722521986177 la_fp_slide la_fp_child_section\"><div class=\"wpb_column vc_column_container vc_col-sm-12 vc_hidden-sm vc_hidden-xs\"><div class=\"vc_column-inner \"><div class=\"wpb_wrapper\"><\/div><\/div><\/div><\/div><div class=\"vc_row wpb_row vc_row-fluid vc_custom_1744904626847 la_fp_slide la_fp_child_section\"><div class=\"wpb_column vc_column_container vc_col-sm-12 vc_hidden-lg vc_hidden-md\"><div class=\"vc_column-inner \"><div class=\"wpb_wrapper\">\n\t<div  class=\"wpb_single_image wpb_content_element vc_align_center  wpb_animate_when_almost_visible wpb_fadeInUp fadeInUp vc_custom_1744904676263  ingredients\">\n\t\t\n\t\t<figure class=\"wpb_wrapper vc_figure\">\n\t\t\t<div class=\"vc_single_image-wrapper   vc_box_border_grey\"><img loading=\"lazy\" decoding=\"async\" width=\"1000\" height=\"1240\" src=\"https:\/\/chamboule-tout-parfum.com\/wp-content\/uploads\/2025\/04\/ingredients_positionnement-telephone-1.png\" class=\"vc_single_image-img attachment-full\" alt=\"\" title=\"ingredients_positionnement-telephone\" \/><\/div>\n\t\t<\/figure>\n\t<\/div>\n<\/div><\/div><\/div><\/div><div class=\"vc_row wpb_row vc_row-fluid la_fp_slide la_fp_child_section\"><div class=\"wpb_column vc_column_container vc_col-sm-12\"><div class=\"vc_column-inner \"><div class=\"wpb_wrapper\">\n\t<div class=\"wpb_raw_code wpb_content_element wpb_raw_html\" >\n\t\t<div class=\"wpb_wrapper\">\n\t\t\t<small>\n* Moins c'est mieux <br>\n** 95% d'ingr\u00e9dients d'origine naturelle\n<\/small>\n<style>\n.ingredients img[src*=\".svg\"] {\n    width: 100vw;\n}\n<\/style>\n\t\t<\/div>\n\t<\/div>\n<\/div><\/div><\/div><\/div>\n<\/section>","protected":false},"excerpt":{"rendered":"Less is More* Nous chamboulons les choses pour le meilleur ! D\u00e9couvrez l'art des cr\u00e9ations olfactives naturelles et sans alcool Un subtil m\u00e9lange, o\u00f9 rime adroitement, finesse d\u2019un grand parfum et mati\u00e8res naturelles, pour le plus grand respect des peaux sensibles et de leur environnement. Nous ne nous contentons pas&hellip;","protected":false},"author":1,"featured_media":0,"parent":0,"menu_order":0,"comment_status":"closed","ping_status":"closed","template":"","meta":{"_acf_changed":false,"om_disable_all_campaigns":false,"inline_featured_image":false,"_monsterinsights_skip_tracking":false,"_monsterinsights_sitenote_active":false,"_monsterinsights_sitenote_note":"","_monsterinsights_sitenote_category":0,"footnotes":""},"class_list":["post-1506","page","type-page","status-publish","hentry"],"acf":[],"aioseo_notices":[],"_links":{"self":[{"href":"https:\/\/chamboule-tout-parfum.com\/en\/wp-json\/wp\/v2\/pages\/1506","targetHints":{"allow":["GET"]}}],"collection":[{"href":"https:\/\/chamboule-tout-parfum.com\/en\/wp-json\/wp\/v2\/pages"}],"about":[{"href":"https:\/\/chamboule-tout-parfum.com\/en\/wp-json\/wp\/v2\/types\/page"}],"author":[{"embeddable":true,"href":"https:\/\/chamboule-tout-parfum.com\/en\/wp-json\/wp\/v2\/users\/1"}],"replies":[{"embeddable":true,"href":"https:\/\/chamboule-tout-parfum.com\/en\/wp-json\/wp\/v2\/comments?post=1506"}],"version-history":[{"count":41,"href":"https:\/\/chamboule-tout-parfum.com\/en\/wp-json\/wp\/v2\/pages\/1506\/revisions"}],"predecessor-version":[{"id":2508,"href":"https:\/\/chamboule-tout-parfum.com\/en\/wp-json\/wp\/v2\/pages\/1506\/revisions\/2508"}],"wp:attachment":[{"href":"https:\/\/chamboule-tout-parfum.com\/en\/wp-json\/wp\/v2\/media?parent=1506"}],"curies":[{"name":"wp","href":"https:\/\/api.w.org\/{rel}","templated":true}]}}