{"id":1473,"date":"2024-01-17T15:57:32","date_gmt":"2024-01-17T14:57:32","guid":{"rendered":"https:\/\/chamboule-tout-parfum.com\/?page_id=1473"},"modified":"2025-04-30T22:18:40","modified_gmt":"2025-04-30T20:18:40","slug":"univers","status":"publish","type":"page","link":"https:\/\/chamboule-tout-parfum.com\/en\/univers\/","title":{"rendered":"Our universe"},"content":{"rendered":"<section class=\"wpb-content-wrapper\"><div class=\"vc_row wpb_row vc_row-fluid la_fp_slide la_fp_child_section\"><div class=\"wpb_column vc_column_container vc_col-sm-2\"><div class=\"vc_column-inner\"><div class=\"wpb_wrapper\"><\/div><\/div><\/div><div class=\"wpb_column vc_column_container vc_col-sm-8\"><div class=\"vc_column-inner\"><div class=\"wpb_wrapper\">\n\t<div class=\"wpb_raw_code wpb_content_element wpb_raw_html\" >\n\t\t<div class=\"wpb_wrapper\">\n\t\t\t<h2 class=\"page-title\">Welcome<br>\n<small> in the universe of <span class=\"nowrap\">Chamboule tout<\/span><\/small><\/h2>\n\t\t<\/div>\n\t<\/div>\n<\/div><\/div><\/div><div class=\"wpb_column vc_column_container vc_col-sm-2\"><div class=\"vc_column-inner\"><div class=\"wpb_wrapper\"><\/div><\/div><\/div><\/div><div class=\"vc_row wpb_row vc_row-fluid la_fp_slide la_fp_child_section\"><div class=\"wpb_column vc_column_container vc_col-sm-6\"><div class=\"vc_column-inner\"><div class=\"wpb_wrapper\">\n\t<div  class=\"wpb_single_image wpb_content_element vc_align_left\">\n\t\t\n\t\t<figure class=\"wpb_wrapper vc_figure\">\n\t\t\t<div class=\"vc_single_image-wrapper   vc_box_border_grey\"><img loading=\"lazy\" decoding=\"async\" width=\"1500\" height=\"2000\" src=\"https:\/\/chamboule-tout-parfum.com\/wp-content\/uploads\/2025\/04\/IMG-20240910-WA0033.jpg\" class=\"vc_single_image-img attachment-full\" alt=\"\" title=\"IMG-20240910-WA0033\" \/><\/div>\n\t\t<\/figure>\n\t<\/div>\n\n\t<div class=\"wpb_text_column wpb_content_element\" >\n\t\t<div class=\"wpb_wrapper\">\n\t\t\t<p style=\"text-align: center;\"><span style=\"color: #835d4a;\">\u00ab <em>Chamboule tout is celebrating birth,<br \/>\nchildhood and more widely, the life and hope that lies within each of us<\/em> \u00bb<\/span><\/p>\n\n\t\t<\/div>\n\t<\/div>\n<\/div><\/div><\/div><div class=\"wpb_column vc_column_container vc_col-sm-6\"><div class=\"vc_column-inner\"><div class=\"wpb_wrapper\"><div id=\"la_heading_69e5d5e9b1771\" class=\"la-headings text-left\"><h2 class=\"js-el heading-tag la-unit-responsive letter-spacing--2 padding-bottom-20\" style=\"\"  data-la_component=\"UnitResponsive\"  data-el_target='#la_heading_69e5d5e9b1771 .heading-tag'  data-el_media_sizes='{&quot;font-size&quot;:&quot;xlg:36px;&quot;,&quot;line-height&quot;:&quot;&quot;}' >A Story<\/h2><div class=\"js-el subheading-tag la-unit-responsive\" style=\"color:#5d5d5d\" ><p class=\"\" data-start=\"168\" data-end=\"198\"><strong data-start=\"168\" data-end=\"198\">The beginning of Chamboule tout<\/strong><\/p>\n<p class=\"\" data-start=\"200\" data-end=\"281\">Unfolding a dream, making it a reality... That's pretty much how Chamboule tout came to life.<\/p>\n<p class=\"\" data-start=\"283\" data-end=\"488\">The creator, Marie, is a passionate entrepreneur who, after years in the food industry, decided to bring her high standards for raw materials and craftsmanship to the world of perfume.<\/p>\n<p class=\"\" data-start=\"490\" data-end=\"561\">And this adventure began with the birth of her children, Jean and Lisa.<\/p>\n<p class=\"\" data-start=\"563\" data-end=\"807\">Her children are a source of inspiration, but also a real motivation. As an extension of her life, she shares with us the thoughts that guide her, where hope in the magic of life and self-fulfillment have their rightful place.<\/p>\n<p class=\"\" data-start=\"809\" data-end=\"943\">A few years later, the First Perfume was born: an ode to life, to hope, as warm as a <a href=\"https:\/\/chamboule-tout-parfum.com\/en\/product\/parfum-premier-sourire\/\">\"Premier sourire\"<\/a> \u00bb\u2026<\/p>\n<p><strong>With the launch of Chamboule tout, the creator invites us into a bold, poetic olfactory universe.<\/strong><\/p>\n<\/div><\/div>\n<div id=\"la_divider69e5d5e9b18a0\" class=\"js-el la-divider la-unit-responsive\" data-la_component=\"UnitResponsive\"  data-el_target='#la_divider69e5d5e9b18a0'  data-el_media_sizes='{&quot;padding-top&quot;:&quot;lg:20px;&quot;}' ><\/div>\n<div id=\"la_divider69e5d5e9b1911\" class=\"js-el la-divider la-unit-responsive\" data-la_component=\"UnitResponsive\"  data-el_target='#la_divider69e5d5e9b1911'  data-el_media_sizes='{&quot;padding-top&quot;:&quot;lg:10px;&quot;}' ><\/div>\n<\/div><\/div><\/div><\/div><div class=\"vc_row wpb_row vc_row-fluid la_fp_slide la_fp_child_section\"><div class=\"wpb_column vc_column_container vc_col-sm-12\"><div class=\"vc_column-inner\"><div class=\"wpb_wrapper\"><div id=\"la_divider69e5d5e9b1d02\" class=\"js-el la-divider la-unit-responsive\" data-la_component=\"UnitResponsive\"  data-el_target='#la_divider69e5d5e9b1d02'  data-el_media_sizes='{&quot;padding-top&quot;:&quot;lg:85px;md:50px;xs:0px;&quot;}' ><\/div>\n<\/div><\/div><\/div><\/div><div class=\"vc_row wpb_row vc_row-fluid vc_row-o-content-middle vc_row-flex la_fp_slide la_fp_child_section\"><div class=\"wpb_column vc_column_container vc_col-sm-6\"><div class=\"vc_column-inner\"><div class=\"wpb_wrapper\"><div id=\"la_heading_69e5d5e9b210b\" class=\"la-headings text-left\"><h2 class=\"js-el heading-tag la-unit-responsive letter-spacing--2 padding-bottom-20\" style=\"\"  data-la_component=\"UnitResponsive\"  data-el_target='#la_heading_69e5d5e9b210b .heading-tag'  data-el_media_sizes='{&quot;font-size&quot;:&quot;xlg:36px;&quot;,&quot;line-height&quot;:&quot;&quot;}' >A concept<\/h2><div class=\"js-el subheading-tag la-unit-responsive\" style=\"color:#5d5d5d\" ><p><strong>Fragrances designed to grow with your child, step by step<\/strong><\/p>\n<p><a href=\"https:\/\/chamboule-tout-parfum.com\/en\/product-category\/premier-sourire\/\">A birth range,<\/a>inspired by the universal connection between a mother and her baby, from the first look <a href=\"https:\/\/chamboule-tout-parfum.com\/en\/product\/parfum-premier-sourire\/\">the first smile,<\/a>of those first major stages of life that turn everything upside down! And which, little by little, give way to adventure and the joys of childhood!<\/p>\n<p>The <a href=\"https:\/\/chamboule-tout-parfum.com\/en\/product-category\/une-grenadine-pour-deux\/\">childhood range<\/a>is inspired by laughter, tree houses, shared grenadines, sweet kisses, and above all, the most beautiful declarations of love \u2665\ufe0f<\/p>\n<p>Our perfumes are more than just blends of fragrances, and it's by taking into account the power of olfactory memory that our fragrances take on their full meaning.<\/p>\n<p>&nbsp;<\/p>\n<p>Like an ode to life's finest moments, they <strong>celebrate the precious moments of yesterday, today and tomorrow.<\/strong><\/p>\n<\/div><\/div>\n<div id=\"la_divider69e5d5e9b21c6\" class=\"js-el la-divider la-unit-responsive\" data-la_component=\"UnitResponsive\"  data-el_target='#la_divider69e5d5e9b21c6'  data-el_media_sizes='{&quot;padding-top&quot;:&quot;lg:20px;&quot;}' ><\/div>\n<div id=\"la_divider69e5d5e9b223f\" class=\"js-el la-divider la-unit-responsive\" data-la_component=\"UnitResponsive\"  data-el_target='#la_divider69e5d5e9b223f'  data-el_media_sizes='{&quot;padding-top&quot;:&quot;lg:10px;&quot;}' ><\/div>\n<\/div><\/div><\/div><div class=\"wpb_column vc_column_container vc_col-sm-6\"><div class=\"vc_column-inner\"><div class=\"wpb_wrapper\">\n\t<div  class=\"wpb_single_image wpb_content_element vc_align_left   para_patchwork\">\n\t\t\n\t\t<figure class=\"wpb_wrapper vc_figure\">\n\t\t\t<div class=\"vc_single_image-wrapper   vc_box_border_grey\"><img loading=\"lazy\" decoding=\"async\" width=\"1272\" height=\"977\" src=\"https:\/\/chamboule-tout-parfum.com\/wp-content\/uploads\/2025\/04\/pele_mele.png\" class=\"vc_single_image-img attachment-full\" alt=\"\" title=\"pele_mele\" \/><\/div>\n\t\t<\/figure>\n\t<\/div>\n\n\t<div class=\"wpb_text_column wpb_content_element\" >\n\t\t<div class=\"wpb_wrapper\">\n\t\t\t\n\t\t<\/div>\n\t<\/div>\n<\/div><\/div><\/div><\/div><div class=\"vc_row wpb_row vc_row-fluid la_fp_slide la_fp_child_section\"><div class=\"wpb_column vc_column_container vc_col-sm-12\"><div class=\"vc_column-inner\"><div class=\"wpb_wrapper\">\n\t<div class=\"wpb_raw_code wpb_content_element wpb_raw_html\" >\n\t\t<div class=\"wpb_wrapper\">\n\t\t\t<h3 class=\"page-subtitle\">Chamboule tout skilfully links the prestigious world<br> of high quality perfumery to an<br> <span class=\"highlight\">ethical and responsible environment.<\/span><\/h3>\n\t\t<\/div>\n\t<\/div>\n<div id=\"la_divider69e5d5e9b341d\" class=\"js-el la-divider la-unit-responsive\" data-la_component=\"UnitResponsive\"  data-el_target='#la_divider69e5d5e9b341d'  data-el_media_sizes='{&quot;padding-top&quot;:&quot;lg:85px;md:50px;xs:0px;&quot;}' ><\/div>\n<div id=\"la_divider69e5d5e9b348b\" class=\"js-el la-divider la-unit-responsive\" data-la_component=\"UnitResponsive\"  data-el_target='#la_divider69e5d5e9b348b'  data-el_media_sizes='{&quot;padding-top&quot;:&quot;lg:85px;md:50px;xs:0px;&quot;}' ><\/div>\n<\/div><\/div><\/div><\/div><div class=\"vc_row wpb_row vc_row-fluid la_fp_slide la_fp_child_section\"><div class=\"wpb_column vc_column_container vc_col-sm-6\"><div class=\"vc_column-inner\"><div class=\"wpb_wrapper\">\n\t<div  class=\"wpb_single_image wpb_content_element vc_align_left   para_valeurs\">\n\t\t\n\t\t<figure class=\"wpb_wrapper vc_figure\">\n\t\t\t<div class=\"vc_single_image-wrapper   vc_box_border_grey\"><img loading=\"lazy\" decoding=\"async\" width=\"2560\" height=\"1707\" src=\"https:\/\/chamboule-tout-parfum.com\/wp-content\/uploads\/2024\/05\/pexels-daria-obymaha-1683975-1-1-scaled.jpeg\" class=\"vc_single_image-img attachment-full\" alt=\"\" title=\"pexels-daria-obymaha-1683975 (1) (1)\" \/><\/div>\n\t\t<\/figure>\n\t<\/div>\n\n\t<div class=\"wpb_text_column wpb_content_element\" >\n\t\t<div class=\"wpb_wrapper\">\n\t\t\t<p style=\"text-align: center;\"><span style=\"color: #835d4a;\">\u00ab <em>A vision without action is just a dream. Action that doesn't follow vision is time wasted. A vision followed by action can change the world.\u00a0<\/em>\u00bb<\/span><br \/>\n<span style=\"color: #835d4a;\">Nelson MENDELA<\/span><\/p>\n\n\t\t<\/div>\n\t<\/div>\n<\/div><\/div><\/div><div class=\"wpb_column vc_column_container vc_col-sm-6\"><div class=\"vc_column-inner\"><div class=\"wpb_wrapper\"><div id=\"la_heading_69e5d5e9b458e\" class=\"la-headings text-left\"><h2 class=\"js-el heading-tag la-unit-responsive letter-spacing--2 padding-bottom-20\" style=\"\"  data-la_component=\"UnitResponsive\"  data-el_target='#la_heading_69e5d5e9b458e .heading-tag'  data-el_media_sizes='{&quot;font-size&quot;:&quot;xlg:36px;&quot;,&quot;line-height&quot;:&quot;&quot;}' >Core Values<\/h2><div class=\"js-el subheading-tag la-unit-responsive\" style=\"color:#5d5d5d\" ><p><strong>Discover our small steps towards a childhood filled with hope.<\/strong><\/p>\n<p>We are committed to <strong>eco-responsible, ethical and socially responsible production.<\/strong><br \/>\nA lot of words, simply to say that we try, on our own scale, to produce the best we can while respecting the well-being of everyone.<\/p>\n<p>Making this approach enjoyable is also part of our commitment.<\/p>\n<p>Indeed, we are convinced that strength lies in cooperation, sharing and the desire to bring about change!<\/p>\n<\/div><\/div>\n<div id=\"la_divider69e5d5e9b4657\" class=\"js-el la-divider la-unit-responsive\" data-la_component=\"UnitResponsive\"  data-el_target='#la_divider69e5d5e9b4657'  data-el_media_sizes='{&quot;padding-top&quot;:&quot;lg:20px;&quot;}' ><\/div>\n<div id=\"la_divider69e5d5e9b46b4\" class=\"js-el la-divider la-unit-responsive\" data-la_component=\"UnitResponsive\"  data-el_target='#la_divider69e5d5e9b46b4'  data-el_media_sizes='{&quot;padding-top&quot;:&quot;lg:10px;&quot;}' ><\/div>\n<\/div><\/div><\/div><\/div><div class=\"vc_row wpb_row vc_row-fluid la_fp_slide la_fp_child_section\"><div class=\"wpb_column vc_column_container vc_col-sm-12\"><div class=\"vc_column-inner\"><div class=\"wpb_wrapper\"><div id=\"la_divider69e5d5e9b49da\" class=\"js-el la-divider la-unit-responsive\" data-la_component=\"UnitResponsive\"  data-el_target='#la_divider69e5d5e9b49da'  data-el_media_sizes='{&quot;padding-top&quot;:&quot;lg:85px;md:50px;xs:0px;&quot;}' ><\/div>\n<\/div><\/div><\/div><\/div><div class=\"vc_row wpb_row vc_row-fluid la_fp_slide la_fp_child_section\"><div class=\"wpb_column vc_column_container vc_col-sm-12\"><div class=\"vc_column-inner\"><div class=\"wpb_wrapper\"><div class=\"vc_row wpb_row vc_inner vc_row-fluid\"><div class=\"wpb_column vc_column_container vc_col-sm-4\"><div class=\"vc_column-inner\"><div class=\"wpb_wrapper\">\n\t<div  class=\"wpb_single_image wpb_content_element vc_align_center\">\n\t\t\n\t\t<figure class=\"wpb_wrapper vc_figure\">\n\t\t\t<div class=\"vc_single_image-wrapper   vc_box_border_grey\"><img loading=\"lazy\" decoding=\"async\" width=\"979\" height=\"810\" src=\"https:\/\/chamboule-tout-parfum.com\/wp-content\/uploads\/2024\/05\/picto_univers_Produits-@4x.png\" class=\"vc_single_image-img attachment-full\" alt=\"\" title=\"picto_univers_Produits @4x\" \/><\/div>\n\t\t<\/figure>\n\t<\/div>\n\n\t<div class=\"wpb_raw_code wpb_content_element wpb_raw_html\" >\n\t\t<div class=\"wpb_wrapper\">\n\t\t\t<h4 class=\"picto_pages\">Eco-friendly<br> <span>products<\/span><\/h4>\n\t\t<\/div>\n\t<\/div>\n<\/div><\/div><\/div><div class=\"wpb_column vc_column_container vc_col-sm-4\"><div class=\"vc_column-inner\"><div class=\"wpb_wrapper\">\n\t<div  class=\"wpb_single_image wpb_content_element vc_align_center\">\n\t\t\n\t\t<figure class=\"wpb_wrapper vc_figure\">\n\t\t\t<div class=\"vc_single_image-wrapper   vc_box_border_grey\"><img loading=\"lazy\" decoding=\"async\" width=\"930\" height=\"795\" src=\"https:\/\/chamboule-tout-parfum.com\/wp-content\/uploads\/2024\/05\/picto_univers_Partenaires-@4x.png\" class=\"vc_single_image-img attachment-full\" alt=\"\" title=\"picto_univers_Partenaires @4x\" \/><\/div>\n\t\t<\/figure>\n\t<\/div>\n\n\t<div class=\"wpb_raw_code wpb_content_element wpb_raw_html\" >\n\t\t<div class=\"wpb_wrapper\">\n\t\t\t<h4 class=\"picto_pages\">Partners<br> selected<br> for their <span>ethics<\/span><\/h4>\n\t\t<\/div>\n\t<\/div>\n<\/div><\/div><\/div><div class=\"wpb_column vc_column_container vc_col-sm-4\"><div class=\"vc_column-inner\"><div class=\"wpb_wrapper\">\n\t<div  class=\"wpb_single_image wpb_content_element vc_align_center\">\n\t\t\n\t\t<figure class=\"wpb_wrapper vc_figure\">\n\t\t\t<div class=\"vc_single_image-wrapper   vc_box_border_grey\"><img loading=\"lazy\" decoding=\"async\" width=\"499\" height=\"398\" src=\"https:\/\/chamboule-tout-parfum.com\/wp-content\/uploads\/2024\/07\/picto_local.png\" class=\"vc_single_image-img attachment-full\" alt=\"\" title=\"Fabriqu\u00e9 dans le sud de La France\" \/><\/div>\n\t\t<\/figure>\n\t<\/div>\n\n\t<div class=\"wpb_raw_code wpb_content_element wpb_raw_html\" >\n\t\t<div class=\"wpb_wrapper\">\n\t\t\t<h4 class=\"picto_pages\">Promoting<br> French<br> <span>craftsmanship<\/span><\/h4>\n\t\t<\/div>\n\t<\/div>\n<\/div><\/div><\/div><\/div><\/div><\/div><\/div><\/div>\n<\/section>","protected":false},"excerpt":{"rendered":"Bienvenue dans l\u2019univers Chamboule tout \u00ab Chamboule tout c\u00e9l\u00e8bre la naissance, l\u2019enfance et plus largement la vie et l\u2019esp\u00e9rance qui se trouve en chacun \u00bb Une HistoireLe d\u00e9but de Chamboule tout D\u00e9rouler un r\u00eave, le concr\u00e9tiser\u2026 C\u2019est un peu comme \u00e7a qu\u2019est n\u00e9 Chamboule tout. La cr\u00e9atrice, Marie, est une&hellip;","protected":false},"author":1,"featured_media":0,"parent":0,"menu_order":0,"comment_status":"closed","ping_status":"closed","template":"","meta":{"_acf_changed":false,"om_disable_all_campaigns":false,"inline_featured_image":false,"_monsterinsights_skip_tracking":false,"_monsterinsights_sitenote_active":false,"_monsterinsights_sitenote_note":"","_monsterinsights_sitenote_category":0,"footnotes":""},"class_list":["post-1473","page","type-page","status-publish","hentry"],"acf":[],"aioseo_notices":[],"_links":{"self":[{"href":"https:\/\/chamboule-tout-parfum.com\/en\/wp-json\/wp\/v2\/pages\/1473","targetHints":{"allow":["GET"]}}],"collection":[{"href":"https:\/\/chamboule-tout-parfum.com\/en\/wp-json\/wp\/v2\/pages"}],"about":[{"href":"https:\/\/chamboule-tout-parfum.com\/en\/wp-json\/wp\/v2\/types\/page"}],"author":[{"embeddable":true,"href":"https:\/\/chamboule-tout-parfum.com\/en\/wp-json\/wp\/v2\/users\/1"}],"replies":[{"embeddable":true,"href":"https:\/\/chamboule-tout-parfum.com\/en\/wp-json\/wp\/v2\/comments?post=1473"}],"version-history":[{"count":60,"href":"https:\/\/chamboule-tout-parfum.com\/en\/wp-json\/wp\/v2\/pages\/1473\/revisions"}],"predecessor-version":[{"id":2226,"href":"https:\/\/chamboule-tout-parfum.com\/en\/wp-json\/wp\/v2\/pages\/1473\/revisions\/2226"}],"wp:attachment":[{"href":"https:\/\/chamboule-tout-parfum.com\/en\/wp-json\/wp\/v2\/media?parent=1473"}],"curies":[{"name":"wp","href":"https:\/\/api.w.org\/{rel}","templated":true}]}}