{"id":1441,"date":"2023-12-18T17:27:26","date_gmt":"2023-12-18T16:27:26","guid":{"rendered":"https:\/\/chamboule-tout-parfum.com\/?page_id=1441"},"modified":"2025-12-05T12:10:16","modified_gmt":"2025-12-05T11:10:16","slug":"https-chamboule-tout-parfum-com-categorie-produit-une-grenadine-pour-deux","status":"publish","type":"page","link":"https:\/\/chamboule-tout-parfum.com\/en\/https-chamboule-tout-parfum-com-categorie-produit-une-grenadine-pour-deux\/","title":{"rendered":"Parfum enfance"},"content":{"rendered":"<section class=\"wpb-content-wrapper\"><div class=\"vc_row wpb_row vc_row-fluid la_fp_slide la_fp_child_section\"><div class=\"wpb_column vc_column_container vc_col-sm-12\"><div class=\"vc_column-inner\"><div class=\"wpb_wrapper\"><div id=\"la_divider69d2a25e2c8f0\" class=\"js-el la-divider la-unit-responsive\" data-la_component=\"UnitResponsive\"  data-el_target='#la_divider69d2a25e2c8f0'  data-el_media_sizes='{&quot;padding-top&quot;:&quot;xlg:120px;lg:80px;md:50px;xs:0px;&quot;}' ><\/div>\n<\/div><\/div><\/div><\/div><div data-vc-full-width=\"true\" data-vc-full-width-init=\"false\" class=\"vc_row wpb_row vc_row-fluid row--maxwidth-1440 vc_custom_1702917162069 vc_row-has-fill la_fp_slide la_fp_child_section\"><div class=\"wpb_column vc_column_container vc_col-sm-6\"><div class=\"vc_column-inner vc_custom_1538017460500\"><div class=\"wpb_wrapper\"><\/div><\/div><\/div><div class=\"wpb_column vc_column_container vc_col-sm-6\"><div class=\"vc_column-inner vc_custom_1536942001135\"><div class=\"wpb_wrapper\"><div id=\"la_divider69d2a25e2d180\" class=\"js-el la-divider la-unit-responsive\" data-la_component=\"UnitResponsive\"  data-el_target='#la_divider69d2a25e2d180'  data-el_media_sizes='{&quot;padding-top&quot;:&quot;lg:70px;&quot;}' ><\/div>\n<div id=\"la_divider69d2a25e2d21f\" class=\"js-el la-divider la-unit-responsive\" data-la_component=\"UnitResponsive\"  data-el_target='#la_divider69d2a25e2d21f'  data-el_media_sizes='{&quot;padding-top&quot;:&quot;lg:30px;&quot;}' ><\/div>\n<div id=\"la_heading_69d2a25e2d3f4\" class=\"la-headings text-left\"><\/div>\n<div id=\"la_divider69d2a25e2d465\" class=\"js-el la-divider la-unit-responsive\" data-la_component=\"UnitResponsive\"  data-el_target='#la_divider69d2a25e2d465'  data-el_media_sizes='{&quot;padding-top&quot;:&quot;lg:110px;&quot;}' ><\/div>\n<\/div><\/div><\/div><\/div><div class=\"vc_row-full-width vc_clearfix\"><\/div><div class=\"vc_row wpb_row vc_row-fluid la_fp_slide la_fp_child_section\"><div class=\"wpb_column vc_column_container vc_col-sm-12\"><div class=\"vc_column-inner\"><div class=\"wpb_wrapper\"><div id=\"la_divider69d2a25e2d99e\" class=\"js-el la-divider la-unit-responsive\" data-la_component=\"UnitResponsive\"  data-el_target='#la_divider69d2a25e2d99e'  data-el_media_sizes='{&quot;padding-top&quot;:&quot;lg:60px;&quot;}' ><\/div>\n<\/div><\/div><\/div><\/div><div class=\"vc_row wpb_row vc_row-fluid la_fp_slide la_fp_child_section\"><div class=\"wpb_column vc_column_container vc_col-sm-7\"><div class=\"vc_column-inner\"><div class=\"wpb_wrapper\"><div id=\"la_heading_69d2a25e2e033\" class=\"la-headings text-left\"><h2 class=\"js-el heading-tag la-unit-responsive letter-spacing--2 padding-bottom-20\" style=\"\"  data-la_component=\"UnitResponsive\"  data-el_target='#la_heading_69d2a25e2e033 .heading-tag'  data-el_media_sizes='{&quot;font-size&quot;:&quot;xlg:36px;&quot;,&quot;line-height&quot;:&quot;&quot;}' >Une gamme de parfums et de cosm\u00e9tiques clean, d\u00e9di\u00e9e aux petits choux \u00e0 partir de 3 ans.<\/h2><div class=\"js-el subheading-tag la-unit-responsive\" style=\"color:#5d5d5d\" ><p>Des cr\u00e9ations olfactives qui ont trouv\u00e9 leurs inspirations dans le monde joyeux et p\u00e9tillant de l\u2019enfance.<\/p>\n<p>Le champ des possibles est ouvert, c\u2019est parti pour l\u2019aventure\u00a0!<\/p>\n<\/div><\/div>\n<div id=\"la_divider69d2a25e2e19d\" class=\"js-el la-divider la-unit-responsive\" data-la_component=\"UnitResponsive\"  data-el_target='#la_divider69d2a25e2e19d'  data-el_media_sizes='{&quot;padding-top&quot;:&quot;lg:30px;&quot;}' ><\/div>\n<\/div><\/div><\/div><div class=\"wpb_column vc_column_container vc_col-sm-5\"><div class=\"vc_column-inner\"><div class=\"wpb_wrapper\">\n\t<div  class=\"wpb_single_image wpb_content_element vc_align_left\">\n\t\t\n\t\t<figure class=\"wpb_wrapper vc_figure\">\n\t\t\t<div class=\"vc_single_image-wrapper   vc_box_border_grey\"><\/div>\n\t\t<\/figure>\n\t<\/div>\n<\/div><\/div><\/div><\/div>\n<\/section>","protected":false},"excerpt":{"rendered":"Une gamme de parfums et de cosm\u00e9tiques clean, d\u00e9di\u00e9e aux petits choux \u00e0 partir de 3 ans.Des cr\u00e9ations olfactives qui ont trouv\u00e9 leurs inspirations dans le monde joyeux et p\u00e9tillant de l\u2019enfance. Le champ des possibles est ouvert, c\u2019est parti pour l\u2019aventure\u00a0!","protected":false},"author":1,"featured_media":0,"parent":0,"menu_order":0,"comment_status":"closed","ping_status":"closed","template":"","meta":{"_acf_changed":false,"om_disable_all_campaigns":false,"inline_featured_image":false,"_monsterinsights_skip_tracking":false,"_monsterinsights_sitenote_active":false,"_monsterinsights_sitenote_note":"","_monsterinsights_sitenote_category":0,"footnotes":""},"class_list":["post-1441","page","type-page","status-publish","hentry"],"acf":[],"aioseo_notices":[],"_links":{"self":[{"href":"https:\/\/chamboule-tout-parfum.com\/en\/wp-json\/wp\/v2\/pages\/1441","targetHints":{"allow":["GET"]}}],"collection":[{"href":"https:\/\/chamboule-tout-parfum.com\/en\/wp-json\/wp\/v2\/pages"}],"about":[{"href":"https:\/\/chamboule-tout-parfum.com\/en\/wp-json\/wp\/v2\/types\/page"}],"author":[{"embeddable":true,"href":"https:\/\/chamboule-tout-parfum.com\/en\/wp-json\/wp\/v2\/users\/1"}],"replies":[{"embeddable":true,"href":"https:\/\/chamboule-tout-parfum.com\/en\/wp-json\/wp\/v2\/comments?post=1441"}],"version-history":[{"count":6,"href":"https:\/\/chamboule-tout-parfum.com\/en\/wp-json\/wp\/v2\/pages\/1441\/revisions"}],"predecessor-version":[{"id":1899,"href":"https:\/\/chamboule-tout-parfum.com\/en\/wp-json\/wp\/v2\/pages\/1441\/revisions\/1899"}],"wp:attachment":[{"href":"https:\/\/chamboule-tout-parfum.com\/en\/wp-json\/wp\/v2\/media?parent=1441"}],"curies":[{"name":"wp","href":"https:\/\/api.w.org\/{rel}","templated":true}]}}