{"id":14,"date":"2025-02-26T11:51:18","date_gmt":"2025-02-26T10:51:18","guid":{"rendered":"https:\/\/chamboule-tout-parfum.com\/?page_id=14"},"modified":"2025-04-17T17:41:07","modified_gmt":"2025-04-17T15:41:07","slug":"remboursements_retours","status":"publish","type":"page","link":"https:\/\/chamboule-tout-parfum.com\/en\/remboursements_retours\/","title":{"rendered":"Privacy Policy"},"content":{"rendered":"<p>La pr\u00e9sente politique de confidentialit\u00e9 d\u00e9crit la mani\u00e8re dont SAS Parfums d&rsquo;Enfance, soci\u00e9t\u00e9 par<br>actions simplifi\u00e9e enregistr\u00e9e au Registre du Commerce et des Soci\u00e9t\u00e9s de Grasse sous le num\u00e9ro<br>931610364 et dont le si\u00e8ge social est situ\u00e9 au 160, route de Cannes \u2013 06130 Grasse (ci-apr\u00e8s \u00ab\u00a0nous\u00a0\u00bb,<br>\u00ab\u00a0notre\u00a0\u00bb ou \u00ab\u00a0Chamboule Tout\u00a0\u00bb), collecte, utilise et prot\u00e8ge vos donn\u00e9es personnelles lorsque vous<br>utilisez notre site internet.<\/p>\n\n\n\n<p><strong>1- Donn\u00e9es collect\u00e9es<\/strong><br>Nous pouvons collecter et traiter les cat\u00e9gories de donn\u00e9es personnelles suivantes :<br>&#8211; Informations d&rsquo;identification : nom, pr\u00e9nom, adresse e-mail, num\u00e9ro de t\u00e9l\u00e9phone.<br>&#8211; Informations de paiement : informations de facturation.<br>&#8211; Informations de navigation : adresse IP, type de navigateur, pages consult\u00e9es, dur\u00e9e de<br>navigation.<br>&#8211; Donn\u00e9es issues des formulaires de contact ou d&rsquo;inscription \u00e0 la newsletter.<\/p>\n\n\n\n<p><strong>2- Utilisation des donn\u00e9es<\/strong><br>Nous utilisons vos donn\u00e9es personnelles pour :<br>&#8211; G\u00e9rer vos commandes et livraisons.<br>&#8211; Vous envoyez des communications marketing si vous y avez consenti.<br>&#8211; R\u00e9pondre \u00e0 vos demandes et assurer le service client.<br>&#8211; Am\u00e9liorer notre site et analyser les comportements des utilisateurs.<br>&#8211; Respecter nos obligations l\u00e9gales et r\u00e9glementaires.<\/p>\n\n\n\n<p><strong>3- Partage des donn\u00e9es<\/strong><br>Vos donn\u00e9es peuvent \u00eatre partag\u00e9es avec :<br>&#8211; Nos prestataires de service (paiement, livraison, h\u00e9bergement, marketing).<br>&#8211; Les autorit\u00e9s si requises par la loi. Nous nous engageons \u00e0 ne jamais vendre vos donn\u00e9es \u00e0<br>des tiers.<\/p>\n\n\n\n<p><strong>4- Conservation des donn\u00e9es<\/strong><br>Nous conservons vos donn\u00e9es personnelles aussi longtemps que n\u00e9cessaire pour atteindre les<br>finalit\u00e9s mentionn\u00e9es ci-dessus, conform\u00e9ment aux obligations l\u00e9gales et r\u00e9glementaires applicables.<\/p>\n\n\n\n<p><strong>5- Vos droits<\/strong><br>Conform\u00e9ment au R\u00e8glement G\u00e9n\u00e9ral sur la Protection des Donn\u00e9es (RGPD), vous disposez des<br>droits suivants :<br>&#8211; Droit d&rsquo;acc\u00e8s, de rectification et d&rsquo;effacement de vos donn\u00e9es.<br>&#8211; Droit d&rsquo;opposition et de limitation du traitement.<br>&#8211; Droit \u00e0 la portabilit\u00e9 des donn\u00e9es.<br>&#8211; Droit de retirer votre consentement \u00e0 tout moment. Pour exercer vos droits, contactez-nous \u00e0 <a href=\"mailto:contact@chamboule-tout-parfum.com\">contact@chamboule-tout-parfum.com<\/a>.<\/p>\n\n\n\n<ol class=\"wp-block-list\">\n<li><\/li>\n<\/ol>\n\n\n\n<p><strong>6- S\u00e9curit\u00e9 des donn\u00e9es<\/strong><br>Nous mettons en place des mesures techniques et organisationnelles pour prot\u00e9ger vos donn\u00e9es<br>contre toute perte, acc\u00e8s non autoris\u00e9 ou divulgation.<\/p>\n\n\n\n<p><strong>7- Cookies<\/strong><br>Nous utilisons des cookies pour am\u00e9liorer votre exp\u00e9rience utilisateur. Vous pouvez g\u00e9rer vos<br>pr\u00e9f\u00e9rences via les param\u00e8tres de votre navigateur.<\/p>\n\n\n\n<p><strong>8- Modifications de la politique de confidentialit\u00e9<\/strong><br>Nous nous r\u00e9servons le droit de modifier cette politique \u00e0 tout moment. Toute modification sera<br>publi\u00e9e sur cette page avec une date de mise \u00e0 jour.<\/p>\n\n\n\n<p><strong>9- Contact<\/strong><br>Pour toute question ou r\u00e9clamation concernant le traitement de vos donn\u00e9es \u00e0 caract\u00e8re personnel<br>par Parfums d\u2019enfance, nous vous invitons \u00e0 vous adresser :<br>Par courriel :&nbsp;&nbsp;contact@chamboule-tout-parfum.com.<br>Par courrier postal :&nbsp;Parfums d\u2019enfance \u2013 160 route de Cannes \u2013 06130 Grasse<br>Vous avez le droit d\u2019adresser une r\u00e9clamation \u00e0 l\u2019autorit\u00e9 de contr\u00f4le comp\u00e9tente :<br>Commission nationale de l&rsquo;informatique et des libert\u00e9s<br>3 Place de Fontenoy &#8211; TSA 80715 &#8211; 75334 Paris CEDEX 07<br>T\u00e9l : 01 53 73 22 22<br>&nbsp;<br><strong>\u00c9DITEUR<\/strong><br>Parfums d\u2019enfance &#8211; SAS<br>RCS 93161036400016<br>Directeur de la publication : Marie Coffigneau en sa qualit\u00e9 de repr\u00e9sentant l\u00e9gal de la soci\u00e9t\u00e9<br>Parfums d\u2019enfance.<br><br><strong>H\u00c9BERGEMENT<\/strong><br>Le pr\u00e9sent site est h\u00e9berg\u00e9 par Infomaniak.<\/p>","protected":false},"excerpt":{"rendered":"<p>La pr\u00e9sente politique de confidentialit\u00e9 d\u00e9crit la mani\u00e8re dont SAS Parfums d&rsquo;Enfance, soci\u00e9t\u00e9 paractions simplifi\u00e9e enregistr\u00e9e au Registre du Commerce et des Soci\u00e9t\u00e9s de Grasse sous le num\u00e9ro931610364 et dont le si\u00e8ge social est situ\u00e9 au 160, route de Cannes \u2013 06130 Grasse (ci-apr\u00e8s \u00ab\u00a0nous\u00a0\u00bb,\u00ab\u00a0notre\u00a0\u00bb ou \u00ab\u00a0Chamboule Tout\u00a0\u00bb), collecte, utilise&hellip;<\/p>","protected":false},"author":1,"featured_media":0,"parent":0,"menu_order":0,"comment_status":"closed","ping_status":"closed","template":"","meta":{"_acf_changed":false,"om_disable_all_campaigns":false,"inline_featured_image":false,"_monsterinsights_skip_tracking":false,"_monsterinsights_sitenote_active":false,"_monsterinsights_sitenote_note":"","_monsterinsights_sitenote_category":0,"footnotes":""},"class_list":["post-14","page","type-page","status-publish","hentry"],"acf":[],"aioseo_notices":[],"_links":{"self":[{"href":"https:\/\/chamboule-tout-parfum.com\/en\/wp-json\/wp\/v2\/pages\/14","targetHints":{"allow":["GET"]}}],"collection":[{"href":"https:\/\/chamboule-tout-parfum.com\/en\/wp-json\/wp\/v2\/pages"}],"about":[{"href":"https:\/\/chamboule-tout-parfum.com\/en\/wp-json\/wp\/v2\/types\/page"}],"author":[{"embeddable":true,"href":"https:\/\/chamboule-tout-parfum.com\/en\/wp-json\/wp\/v2\/users\/1"}],"replies":[{"embeddable":true,"href":"https:\/\/chamboule-tout-parfum.com\/en\/wp-json\/wp\/v2\/comments?post=14"}],"version-history":[{"count":2,"href":"https:\/\/chamboule-tout-parfum.com\/en\/wp-json\/wp\/v2\/pages\/14\/revisions"}],"predecessor-version":[{"id":2146,"href":"https:\/\/chamboule-tout-parfum.com\/en\/wp-json\/wp\/v2\/pages\/14\/revisions\/2146"}],"wp:attachment":[{"href":"https:\/\/chamboule-tout-parfum.com\/en\/wp-json\/wp\/v2\/media?parent=14"}],"curies":[{"name":"wp","href":"https:\/\/api.w.org\/{rel}","templated":true}]}}