{"id":1029,"date":"2018-09-18T05:59:34","date_gmt":"2018-09-18T05:59:34","guid":{"rendered":"https:\/\/airi.la-studioweb.com\/?page_id=1029"},"modified":"2025-10-14T21:40:21","modified_gmt":"2025-10-14T19:40:21","slug":"musical-mood","status":"publish","type":"page","link":"https:\/\/chamboule-tout-parfum.com\/en\/musical-mood\/","title":{"rendered":"Musical Mood"},"content":{"rendered":"<section class=\"wpb-content-wrapper\"><div data-vc-full-width=\"true\" data-vc-full-width-init=\"false\" data-vc-stretch-content=\"true\" class=\"vc_row wpb_row vc_row-fluid vc_row-no-padding la_fp_slide la_fp_child_section\"><div class=\"wpb_column vc_column_container vc_col-sm-6\"><div class=\"vc_column-inner\"><div class=\"wpb_wrapper\"><div id=\"la_banner_box_69e5d5e01b0c0\" class=\"wpb_content_element la-banner-box banner-type-6 la_banner_box_69e5d5e01b0c0 margin-bottom-0\">\n    <div class=\"box-inner\">\n                <div class=\"banner--image\">\n            <div class=\"loop__item__thumbnail--bkg gitem-zone-height-mode-custom gitem-hide-img\"\n                 data-background-image=\"\/\/chamboule-tout-parfum.com\/wp-content\/uploads\/2025\/03\/pexels-brunoabdiel-19738355-scaled.jpg\"\n                 style=\"padding-top:66.68%;padding-top: 80%;background-image: url(\/\/chamboule-tout-parfum.com\/wp-content\/uploads\/2025\/03\/pexels-brunoabdiel-19738355-scaled.jpg);\">\n            <\/div>\n        <\/div>\n        <div class=\"banner--info\">\n            <div class=\"js-el b-title b-title1\" style=\"\" ><span>\u00c9coutez<\/span><\/div><div class=\"js-el b-title b-title2\" style=\"\" ><span>EN<\/span> <span>ATTENDANT<\/span> <span>B\u00c9B\u00c9<\/span><\/div><a class=\"banner--btn\" href=\"https:\/\/open.spotify.com\/playlist\/4c7mfFISCqf0bd07R9FTlb?si=a1a5a430e4e54531%20_blank\" title=\"\u00c9coutez\" target=\"_blank\">\u00c9coutez<\/a>        <\/div>\n        <a class=\"banner--link-overlay item--overlay\" href=\"https:\/\/open.spotify.com\/playlist\/4c7mfFISCqf0bd07R9FTlb?si=a1a5a430e4e54531%20_blank\" title=\"\u00c9coutez\" target=\"_blank\"><span class=\"hidden\"><span>\u00c9coutez<\/span><\/span><\/a>    <\/div>\n\n    <style>                \n        \n        \n        \n        \n        \n            <\/style><\/div><\/div><\/div><\/div><div class=\"wpb_column vc_column_container vc_col-sm-6\"><div class=\"vc_column-inner\"><div class=\"wpb_wrapper\"><div id=\"la_banner_box_69e5d5e01c191\" class=\"wpb_content_element la-banner-box banner-type-6 la_banner_box_69e5d5e01c191 margin-bottom-0\">\n    <div class=\"box-inner\">\n                <div class=\"banner--image\">\n            <div class=\"loop__item__thumbnail--bkg gitem-zone-height-mode-custom gitem-hide-img\"\n                 data-background-image=\"\/\/chamboule-tout-parfum.com\/wp-content\/uploads\/2024\/01\/Still-2024-11-29-183718_2.3.1-scaled.jpg\"\n                 style=\"padding-top:56.25%;padding-top: 80%;background-image: url(\/\/chamboule-tout-parfum.com\/wp-content\/uploads\/2024\/01\/Still-2024-11-29-183718_2.3.1-scaled.jpg);\">\n            <\/div>\n        <\/div>\n        <div class=\"banner--info\">\n            <div class=\"js-el b-title b-title1\" style=\"\" ><span>\u00c9coutez<\/span><\/div><div class=\"js-el b-title b-title2\" style=\"\" ><span>PREMIER<\/span> <span>SOURIRE<\/span><\/div><a class=\"banner--btn\" href=\"https:\/\/open.spotify.com\/playlist\/6ldf0jgIuqBCceMsiQ46Dq?si=8274d6c8a77b4958\" title=\"\u00c9coutez\" target=\"_blank\">\u00c9coutez<\/a>        <\/div>\n        <a class=\"banner--link-overlay item--overlay\" href=\"https:\/\/open.spotify.com\/playlist\/6ldf0jgIuqBCceMsiQ46Dq?si=8274d6c8a77b4958\" title=\"\u00c9coutez\" target=\"_blank\"><span class=\"hidden\"><span>\u00c9coutez<\/span><\/span><\/a>    <\/div>\n\n    <style>                \n        \n        \n        \n        \n        \n            <\/style><\/div><\/div><\/div><\/div><\/div><div class=\"vc_row-full-width vc_clearfix\"><\/div><div data-vc-full-width=\"true\" data-vc-full-width-init=\"false\" data-vc-stretch-content=\"true\" class=\"vc_row wpb_row vc_row-fluid vc_row-no-padding la_fp_slide la_fp_child_section\"><div class=\"wpb_column vc_column_container vc_col-sm-6\"><div class=\"vc_column-inner\"><div class=\"wpb_wrapper\"><div id=\"la_banner_box_69e5d5e01cfaa\" class=\"wpb_content_element la-banner-box banner-type-6 la_banner_box_69e5d5e01cfaa margin-bottom-0\">\n    <div class=\"box-inner\">\n                <div class=\"banner--image\">\n            <div class=\"loop__item__thumbnail--bkg gitem-zone-height-mode-custom gitem-hide-img\"\n                 data-background-image=\"\/\/chamboule-tout-parfum.com\/wp-content\/uploads\/2024\/01\/Screenshot_20250929_181536_Instagram.jpg\"\n                 style=\"padding-top:146.67%;padding-top: 80%;background-image: url(\/\/chamboule-tout-parfum.com\/wp-content\/uploads\/2024\/01\/Screenshot_20250929_181536_Instagram.jpg);\">\n            <\/div>\n        <\/div>\n        <div class=\"banner--info\">\n            <div class=\"js-el b-title b-title1\" style=\"\" ><span>\u00c9coutez<\/span><\/div><div class=\"js-el b-title b-title2\" style=\"\" ><span>Une<\/span> <span>grenadine<\/span> <span>pour<\/span> <span>deux<\/span> <span>...<\/span><\/div><a class=\"banner--btn\" href=\"https:\/\/open.spotify.com\/playlist\/1Gg7jnGIp2OtgcztYTB3jU?si=3BWr1MjdSd-gbrDc3b6PHg\" title=\"\u00c9coutez\" target=\"_blank\">\u00c9coutez<\/a>        <\/div>\n        <a class=\"banner--link-overlay item--overlay\" href=\"https:\/\/open.spotify.com\/playlist\/1Gg7jnGIp2OtgcztYTB3jU?si=3BWr1MjdSd-gbrDc3b6PHg\" title=\"\u00c9coutez\" target=\"_blank\"><span class=\"hidden\"><span>\u00c9coutez<\/span><\/span><\/a>    <\/div>\n\n    <style>                \n        \n        \n        \n        \n        \n            <\/style><\/div><\/div><\/div><\/div><div class=\"wpb_column vc_column_container vc_col-sm-6\"><div class=\"vc_column-inner\"><div class=\"wpb_wrapper\"><div id=\"la_banner_box_69e5d5e01dcf7\" class=\"wpb_content_element la-banner-box banner-type-6 la_banner_box_69e5d5e01dcf7 margin-bottom-0\">\n    <div class=\"box-inner\">\n                <div class=\"banner--image\">\n            <div class=\"loop__item__thumbnail--bkg gitem-zone-height-mode-custom gitem-hide-img\"\n                 data-background-image=\"\/\/chamboule-tout-parfum.com\/wp-content\/uploads\/2024\/04\/20240423_141243.jpeg\"\n                 style=\"padding-top:99.81%;padding-top: 80%;background-image: url(\/\/chamboule-tout-parfum.com\/wp-content\/uploads\/2024\/04\/20240423_141243.jpeg);\">\n            <\/div>\n        <\/div>\n        <div class=\"banner--info\">\n            <div class=\"js-el b-title b-title1\" style=\"\" ><span>\u00c9coutez<\/span><\/div><div class=\"js-el b-title b-title2\" style=\"\" ><span>LOVE<\/span> <span>IS<\/span> <span>IN<\/span> <span>THE<\/span> <span>AIR<\/span><\/div><a class=\"banner--btn\" href=\"https:\/\/open.spotify.com\/playlist\/11Yj1c9IUTnrgoGJnSifOg?si=3af86f45291c4a0b\" title=\"\u00c9coutez\" target=\"_blank\">\u00c9coutez<\/a>        <\/div>\n        <a class=\"banner--link-overlay item--overlay\" href=\"https:\/\/open.spotify.com\/playlist\/11Yj1c9IUTnrgoGJnSifOg?si=3af86f45291c4a0b\" title=\"\u00c9coutez\" target=\"_blank\"><span class=\"hidden\"><span>\u00c9coutez<\/span><\/span><\/a>    <\/div>\n\n    <style>                \n        \n        \n        \n        \n        \n            <\/style><\/div><\/div><\/div><\/div><\/div><div class=\"vc_row-full-width vc_clearfix\"><\/div>\n<\/section>","protected":false},"excerpt":{"rendered":"\u00c9coutezEN ATTENDANT B\u00c9B\u00c9\u00c9coutez \u00c9coutez \u00c9coutezPREMIER SOURIRE\u00c9coutez \u00c9coutez \u00c9coutezUne grenadine pour deux ...\u00c9coutez \u00c9coutez \u00c9coutezLOVE IS IN THE AIR\u00c9coutez \u00c9coutez","protected":false},"author":1,"featured_media":0,"parent":0,"menu_order":0,"comment_status":"closed","ping_status":"closed","template":"","meta":{"_acf_changed":false,"om_disable_all_campaigns":false,"inline_featured_image":false,"_monsterinsights_skip_tracking":false,"_monsterinsights_sitenote_active":false,"_monsterinsights_sitenote_note":"","_monsterinsights_sitenote_category":0,"footnotes":""},"class_list":["post-1029","page","type-page","status-publish","hentry"],"acf":[],"aioseo_notices":[],"_links":{"self":[{"href":"https:\/\/chamboule-tout-parfum.com\/en\/wp-json\/wp\/v2\/pages\/1029","targetHints":{"allow":["GET"]}}],"collection":[{"href":"https:\/\/chamboule-tout-parfum.com\/en\/wp-json\/wp\/v2\/pages"}],"about":[{"href":"https:\/\/chamboule-tout-parfum.com\/en\/wp-json\/wp\/v2\/types\/page"}],"author":[{"embeddable":true,"href":"https:\/\/chamboule-tout-parfum.com\/en\/wp-json\/wp\/v2\/users\/1"}],"replies":[{"embeddable":true,"href":"https:\/\/chamboule-tout-parfum.com\/en\/wp-json\/wp\/v2\/comments?post=1029"}],"version-history":[{"count":32,"href":"https:\/\/chamboule-tout-parfum.com\/en\/wp-json\/wp\/v2\/pages\/1029\/revisions"}],"predecessor-version":[{"id":2526,"href":"https:\/\/chamboule-tout-parfum.com\/en\/wp-json\/wp\/v2\/pages\/1029\/revisions\/2526"}],"wp:attachment":[{"href":"https:\/\/chamboule-tout-parfum.com\/en\/wp-json\/wp\/v2\/media?parent=1029"}],"curies":[{"name":"wp","href":"https:\/\/api.w.org\/{rel}","templated":true}]}}